{"id":4400,"date":"2021-10-12T15:51:09","date_gmt":"2021-10-12T15:51:09","guid":{"rendered":"http:\/\/dummy.xtemos.com\/woodmart2\/elementor\/?page_id=4400"},"modified":"2022-11-17T12:18:59","modified_gmt":"2022-11-17T12:18:59","slug":"about-us-3","status":"publish","type":"page","link":"https:\/\/print24.ma\/index.php\/about-us-3\/","title":{"rendered":"About us"},"content":{"rendered":"\t\t<div data-elementor-type=\"wp-page\" data-elementor-id=\"4400\" class=\"elementor elementor-4400\">\n\t\t\t\t\t\t<section class=\"elementor-section elementor-top-section elementor-element elementor-element-3c548bca elementor-reverse-tablet elementor-reverse-mobile elementor-section-boxed elementor-section-height-default elementor-section-height-default\" data-id=\"3c548bca\" data-element_type=\"section\" data-e-type=\"section\">\n\t\t\t\t\t\t<div class=\"elementor-container elementor-column-gap-default\">\n\t\t\t\t\t<div class=\"elementor-column elementor-col-50 elementor-top-column elementor-element elementor-element-1d354ed7\" data-id=\"1d354ed7\" data-element_type=\"column\" data-e-type=\"column\">\n\t\t\t<div class=\"elementor-widget-wrap\">\n\t\t\t\t\t\t\t<\/div>\n\t\t<\/div>\n\t\t\t\t<div class=\"elementor-column elementor-col-50 elementor-top-column elementor-element elementor-element-7a9daa7\" data-id=\"7a9daa7\" data-element_type=\"column\" data-e-type=\"column\">\n\t\t\t<div class=\"elementor-widget-wrap elementor-element-populated\">\n\t\t\t\t\t\t<section class=\"elementor-section elementor-inner-section elementor-element elementor-element-6c441740 elementor-section-boxed elementor-section-height-default elementor-section-height-default\" data-id=\"6c441740\" data-element_type=\"section\" data-e-type=\"section\">\n\t\t\t\t\t\t<div class=\"elementor-container elementor-column-gap-default\">\n\t\t\t\t\t<div class=\"elementor-column elementor-col-100 elementor-inner-column elementor-element elementor-element-2340cadd\" data-id=\"2340cadd\" data-element_type=\"column\" data-e-type=\"column\">\n\t\t\t<div class=\"elementor-widget-wrap\">\n\t\t\t\t\t\t\t<\/div>\n\t\t<\/div>\n\t\t\t\t\t<\/div>\n\t\t<\/section>\n\t\t\t\t\t<\/div>\n\t\t<\/div>\n\t\t\t\t\t<\/div>\n\t\t<\/section>\n\t\t\t\t<section class=\"elementor-section elementor-top-section elementor-element elementor-element-affe216 elementor-section-boxed elementor-section-height-default elementor-section-height-default\" data-id=\"affe216\" data-element_type=\"section\" data-e-type=\"section\">\n\t\t\t\t\t\t<div class=\"elementor-container elementor-column-gap-default\">\n\t\t\t\t\t<div class=\"elementor-column elementor-col-100 elementor-top-column elementor-element elementor-element-08b3ed6\" data-id=\"08b3ed6\" data-element_type=\"column\" data-e-type=\"column\">\n\t\t\t<div class=\"elementor-widget-wrap elementor-element-populated\">\n\t\t\t\t\t\t<div class=\"elementor-element elementor-element-6c82cad elementor-widget elementor-widget-google_maps\" data-id=\"6c82cad\" data-element_type=\"widget\" data-e-type=\"widget\" data-widget_type=\"google_maps.default\">\n\t\t\t\t<div class=\"elementor-widget-container\">\n\t\t\t\t\t\t\t<div class=\"elementor-custom-embed\">\n\t\t\t<iframe loading=\"lazy\"\n\t\t\t\t\tsrc=\"https:\/\/maps.google.com\/maps?q=tiflet%20Hay%20rachad%20G1%20N9&#038;t=m&#038;z=10&#038;output=embed&#038;iwloc=near\"\n\t\t\t\t\ttitle=\"tiflet Hay rachad G1 N9\"\n\t\t\t\t\taria-label=\"tiflet Hay rachad G1 N9\"\n\t\t\t><\/iframe>\n\t\t<\/div>\n\t\t\t\t\t\t<\/div>\n\t\t\t\t<\/div>\n\t\t\t\t\t<\/div>\n\t\t<\/div>\n\t\t\t\t\t<\/div>\n\t\t<\/section>\n\t\t\t\t<\/div>\n\t\t","protected":false},"excerpt":{"rendered":"<p>Qui sommes-nous ? Print24 PRINT24 est la boutique en ligne cr\u00e9\u00e9e en 2021 et bas\u00e9e au\u00a0 Tiflet. PRINT24 est dot\u00e9e [&hellip;]<\/p>\n","protected":false},"author":1,"featured_media":0,"parent":0,"menu_order":0,"comment_status":"closed","ping_status":"closed","template":"","meta":{"site-sidebar-layout":"default","site-content-layout":"","ast-site-content-layout":"default","site-content-style":"default","site-sidebar-style":"default","ast-global-header-display":"","ast-banner-title-visibility":"","ast-main-header-display":"","ast-hfb-above-header-display":"","ast-hfb-below-header-display":"","ast-hfb-mobile-header-display":"","site-post-title":"","ast-breadcrumbs-content":"","ast-featured-img":"","footer-sml-layout":"","ast-disable-related-posts":"","theme-transparent-header-meta":"","adv-header-id-meta":"","stick-header-meta":"","header-above-stick-meta":"","header-main-stick-meta":"","header-below-stick-meta":"","astra-migrate-meta-layouts":"default","ast-page-background-enabled":"default","ast-page-background-meta":{"desktop":{"background-color":"var(--ast-global-color-5)","background-image":"","background-repeat":"repeat","background-position":"center center","background-size":"auto","background-attachment":"scroll","background-type":"","background-media":"","overlay-type":"","overlay-color":"","overlay-opacity":"","overlay-gradient":""},"tablet":{"background-color":"","background-image":"","background-repeat":"repeat","background-position":"center center","background-size":"auto","background-attachment":"scroll","background-type":"","background-media":"","overlay-type":"","overlay-color":"","overlay-opacity":"","overlay-gradient":""},"mobile":{"background-color":"","background-image":"","background-repeat":"repeat","background-position":"center center","background-size":"auto","background-attachment":"scroll","background-type":"","background-media":"","overlay-type":"","overlay-color":"","overlay-opacity":"","overlay-gradient":""}},"ast-content-background-meta":{"desktop":{"background-color":"var(--ast-global-color-4)","background-image":"","background-repeat":"repeat","background-position":"center center","background-size":"auto","background-attachment":"scroll","background-type":"","background-media":"","overlay-type":"","overlay-color":"","overlay-opacity":"","overlay-gradient":""},"tablet":{"background-color":"var(--ast-global-color-4)","background-image":"","background-repeat":"repeat","background-position":"center center","background-size":"auto","background-attachment":"scroll","background-type":"","background-media":"","overlay-type":"","overlay-color":"","overlay-opacity":"","overlay-gradient":""},"mobile":{"background-color":"var(--ast-global-color-4)","background-image":"","background-repeat":"repeat","background-position":"center center","background-size":"auto","background-attachment":"scroll","background-type":"","background-media":"","overlay-type":"","overlay-color":"","overlay-opacity":"","overlay-gradient":""}},"footnotes":"","_links_to":"","_links_to_target":""},"class_list":["post-4400","page","type-page","status-publish","hentry"],"yoast_head":"<!-- This site is optimized with the Yoast SEO plugin v27.2 - https:\/\/yoast.com\/product\/yoast-seo-wordpress\/ -->\n<title>About us - Print 24<\/title>\n<meta name=\"robots\" content=\"index, follow, max-snippet:-1, max-image-preview:large, max-video-preview:-1\" \/>\n<link rel=\"canonical\" href=\"https:\/\/print24.ma\/index.php\/about-us-3\/\" \/>\n<meta property=\"og:locale\" content=\"en_US\" \/>\n<meta property=\"og:type\" content=\"article\" \/>\n<meta property=\"og:title\" content=\"About us - Print 24\" \/>\n<meta property=\"og:description\" content=\"Qui sommes-nous ? Print24 PRINT24 est la boutique en ligne cr\u00e9\u00e9e en 2021 et bas\u00e9e au\u00a0 Tiflet. PRINT24 est dot\u00e9e [&hellip;]\" \/>\n<meta property=\"og:url\" content=\"https:\/\/print24.ma\/index.php\/about-us-3\/\" \/>\n<meta property=\"og:site_name\" content=\"Print 24\" \/>\n<meta property=\"article:publisher\" content=\"https:\/\/www.facebook.com\/print24.ma\/\" \/>\n<meta property=\"article:modified_time\" content=\"2022-11-17T12:18:59+00:00\" \/>\n<meta property=\"og:image\" content=\"https:\/\/print24.ma\/wp-content\/uploads\/2022\/11\/fluid-color.png\" \/>\n<meta name=\"twitter:card\" content=\"summary_large_image\" \/>\n<meta name=\"twitter:label1\" content=\"Est. reading time\" \/>\n\t<meta name=\"twitter:data1\" content=\"1 minute\" \/>\n<script type=\"application\/ld+json\" class=\"yoast-schema-graph\">{\"@context\":\"https:\/\/schema.org\",\"@graph\":[{\"@type\":\"WebPage\",\"@id\":\"https:\/\/print24.ma\/index.php\/about-us-3\/\",\"url\":\"https:\/\/print24.ma\/index.php\/about-us-3\/\",\"name\":\"About us - Print 24\",\"isPartOf\":{\"@id\":\"https:\/\/print24.ma\/#website\"},\"primaryImageOfPage\":{\"@id\":\"https:\/\/print24.ma\/index.php\/about-us-3\/#primaryimage\"},\"image\":{\"@id\":\"https:\/\/print24.ma\/index.php\/about-us-3\/#primaryimage\"},\"thumbnailUrl\":\"https:\/\/print24.ma\/wp-content\/uploads\/2022\/11\/fluid-color.png\",\"datePublished\":\"2021-10-12T15:51:09+00:00\",\"dateModified\":\"2022-11-17T12:18:59+00:00\",\"breadcrumb\":{\"@id\":\"https:\/\/print24.ma\/index.php\/about-us-3\/#breadcrumb\"},\"inLanguage\":\"en-US\",\"potentialAction\":[{\"@type\":\"ReadAction\",\"target\":[\"https:\/\/print24.ma\/index.php\/about-us-3\/\"]}]},{\"@type\":\"ImageObject\",\"inLanguage\":\"en-US\",\"@id\":\"https:\/\/print24.ma\/index.php\/about-us-3\/#primaryimage\",\"url\":\"https:\/\/print24.ma\/wp-content\/uploads\/2022\/11\/fluid-color.png\",\"contentUrl\":\"https:\/\/print24.ma\/wp-content\/uploads\/2022\/11\/fluid-color.png\",\"width\":900,\"height\":643},{\"@type\":\"BreadcrumbList\",\"@id\":\"https:\/\/print24.ma\/index.php\/about-us-3\/#breadcrumb\",\"itemListElement\":[{\"@type\":\"ListItem\",\"position\":1,\"name\":\"Home\",\"item\":\"https:\/\/print24.ma\/\"},{\"@type\":\"ListItem\",\"position\":2,\"name\":\"About us\"}]},{\"@type\":\"WebSite\",\"@id\":\"https:\/\/print24.ma\/#website\",\"url\":\"https:\/\/print24.ma\/\",\"name\":\"Print 24\",\"description\":\"Tous Travaux D&#039;impresstion Et Publicit\u00e9\",\"publisher\":{\"@id\":\"https:\/\/print24.ma\/#organization\"},\"potentialAction\":[{\"@type\":\"SearchAction\",\"target\":{\"@type\":\"EntryPoint\",\"urlTemplate\":\"https:\/\/print24.ma\/?s={search_term_string}\"},\"query-input\":{\"@type\":\"PropertyValueSpecification\",\"valueRequired\":true,\"valueName\":\"search_term_string\"}}],\"inLanguage\":\"en-US\"},{\"@type\":\"Organization\",\"@id\":\"https:\/\/print24.ma\/#organization\",\"name\":\"Print 24\",\"url\":\"https:\/\/print24.ma\/\",\"logo\":{\"@type\":\"ImageObject\",\"inLanguage\":\"en-US\",\"@id\":\"https:\/\/print24.ma\/#\/schema\/logo\/image\/\",\"url\":\"https:\/\/print24.ma\/wp-content\/uploads\/2022\/10\/LOGO-service-print24-1-01-1.png\",\"contentUrl\":\"https:\/\/print24.ma\/wp-content\/uploads\/2022\/10\/LOGO-service-print24-1-01-1.png\",\"width\":2128,\"height\":540,\"caption\":\"Print 24\"},\"image\":{\"@id\":\"https:\/\/print24.ma\/#\/schema\/logo\/image\/\"},\"sameAs\":[\"https:\/\/www.facebook.com\/print24.ma\/\",\"https:\/\/www.instagram.com\/print24.ma\/\"]}]}<\/script>\n<!-- \/ Yoast SEO plugin. -->","yoast_head_json":{"title":"About us - Print 24","robots":{"index":"index","follow":"follow","max-snippet":"max-snippet:-1","max-image-preview":"max-image-preview:large","max-video-preview":"max-video-preview:-1"},"canonical":"https:\/\/print24.ma\/index.php\/about-us-3\/","og_locale":"en_US","og_type":"article","og_title":"About us - Print 24","og_description":"Qui sommes-nous ? Print24 PRINT24 est la boutique en ligne cr\u00e9\u00e9e en 2021 et bas\u00e9e au\u00a0 Tiflet. PRINT24 est dot\u00e9e [&hellip;]","og_url":"https:\/\/print24.ma\/index.php\/about-us-3\/","og_site_name":"Print 24","article_publisher":"https:\/\/www.facebook.com\/print24.ma\/","article_modified_time":"2022-11-17T12:18:59+00:00","og_image":[{"url":"https:\/\/print24.ma\/wp-content\/uploads\/2022\/11\/fluid-color.png","type":"","width":"","height":""}],"twitter_card":"summary_large_image","twitter_misc":{"Est. reading time":"1 minute"},"schema":{"@context":"https:\/\/schema.org","@graph":[{"@type":"WebPage","@id":"https:\/\/print24.ma\/index.php\/about-us-3\/","url":"https:\/\/print24.ma\/index.php\/about-us-3\/","name":"About us - Print 24","isPartOf":{"@id":"https:\/\/print24.ma\/#website"},"primaryImageOfPage":{"@id":"https:\/\/print24.ma\/index.php\/about-us-3\/#primaryimage"},"image":{"@id":"https:\/\/print24.ma\/index.php\/about-us-3\/#primaryimage"},"thumbnailUrl":"https:\/\/print24.ma\/wp-content\/uploads\/2022\/11\/fluid-color.png","datePublished":"2021-10-12T15:51:09+00:00","dateModified":"2022-11-17T12:18:59+00:00","breadcrumb":{"@id":"https:\/\/print24.ma\/index.php\/about-us-3\/#breadcrumb"},"inLanguage":"en-US","potentialAction":[{"@type":"ReadAction","target":["https:\/\/print24.ma\/index.php\/about-us-3\/"]}]},{"@type":"ImageObject","inLanguage":"en-US","@id":"https:\/\/print24.ma\/index.php\/about-us-3\/#primaryimage","url":"https:\/\/print24.ma\/wp-content\/uploads\/2022\/11\/fluid-color.png","contentUrl":"https:\/\/print24.ma\/wp-content\/uploads\/2022\/11\/fluid-color.png","width":900,"height":643},{"@type":"BreadcrumbList","@id":"https:\/\/print24.ma\/index.php\/about-us-3\/#breadcrumb","itemListElement":[{"@type":"ListItem","position":1,"name":"Home","item":"https:\/\/print24.ma\/"},{"@type":"ListItem","position":2,"name":"About us"}]},{"@type":"WebSite","@id":"https:\/\/print24.ma\/#website","url":"https:\/\/print24.ma\/","name":"Print 24","description":"Tous Travaux D&#039;impresstion Et Publicit\u00e9","publisher":{"@id":"https:\/\/print24.ma\/#organization"},"potentialAction":[{"@type":"SearchAction","target":{"@type":"EntryPoint","urlTemplate":"https:\/\/print24.ma\/?s={search_term_string}"},"query-input":{"@type":"PropertyValueSpecification","valueRequired":true,"valueName":"search_term_string"}}],"inLanguage":"en-US"},{"@type":"Organization","@id":"https:\/\/print24.ma\/#organization","name":"Print 24","url":"https:\/\/print24.ma\/","logo":{"@type":"ImageObject","inLanguage":"en-US","@id":"https:\/\/print24.ma\/#\/schema\/logo\/image\/","url":"https:\/\/print24.ma\/wp-content\/uploads\/2022\/10\/LOGO-service-print24-1-01-1.png","contentUrl":"https:\/\/print24.ma\/wp-content\/uploads\/2022\/10\/LOGO-service-print24-1-01-1.png","width":2128,"height":540,"caption":"Print 24"},"image":{"@id":"https:\/\/print24.ma\/#\/schema\/logo\/image\/"},"sameAs":["https:\/\/www.facebook.com\/print24.ma\/","https:\/\/www.instagram.com\/print24.ma\/"]}]}},"_links":{"self":[{"href":"https:\/\/print24.ma\/index.php\/wp-json\/wp\/v2\/pages\/4400","targetHints":{"allow":["GET"]}}],"collection":[{"href":"https:\/\/print24.ma\/index.php\/wp-json\/wp\/v2\/pages"}],"about":[{"href":"https:\/\/print24.ma\/index.php\/wp-json\/wp\/v2\/types\/page"}],"author":[{"embeddable":true,"href":"https:\/\/print24.ma\/index.php\/wp-json\/wp\/v2\/users\/1"}],"replies":[{"embeddable":true,"href":"https:\/\/print24.ma\/index.php\/wp-json\/wp\/v2\/comments?post=4400"}],"version-history":[{"count":7,"href":"https:\/\/print24.ma\/index.php\/wp-json\/wp\/v2\/pages\/4400\/revisions"}],"predecessor-version":[{"id":9193,"href":"https:\/\/print24.ma\/index.php\/wp-json\/wp\/v2\/pages\/4400\/revisions\/9193"}],"wp:attachment":[{"href":"https:\/\/print24.ma\/index.php\/wp-json\/wp\/v2\/media?parent=4400"}],"curies":[{"name":"wp","href":"https:\/\/api.w.org\/{rel}","templated":true}]}}