{"id":8562,"date":"2022-10-20T21:49:37","date_gmt":"2022-10-20T21:49:37","guid":{"rendered":"https:\/\/print24.ma\/?post_type=product&#038;p=8562"},"modified":"2024-12-05T17:37:02","modified_gmt":"2024-12-05T17:37:02","slug":"mug","status":"publish","type":"product","link":"https:\/\/print24.ma\/index.php\/product\/mug\/","title":{"rendered":"Mug"},"content":{"rendered":"","protected":false},"excerpt":{"rendered":"<div class=\"product-base-info\">\n<div class=\"row\">\n<div class=\"col-xs-12\">\n<div class=\"shortDescriptionArea\">\n<p>Faites sensation avec nos mugs standards personnalisables. Id\u00e9als pour les cadeaux d&#8217;entreprise, les promotions et les \u00e9v\u00e9nements, ces mugs offrent une toile parfaite pour afficher votre logo, message ou design.<\/p>\n<p><strong>Personnalisation :<\/strong>\u00a0Imprimez votre logo, texte ou image<br \/>\n<strong>Mat\u00e9riau :<\/strong>\u00a0C\u00e9ramique de haute qualit\u00e9 pour une durabilit\u00e9 exceptionnelle<\/p>\n<p id=\"isPasted\">Nos mugs standards personnalisables sont con\u00e7us pour offrir \u00e0 la fois esth\u00e9tique et fonctionnalit\u00e9. Que ce soit pour une utilisation quotidienne au bureau ou \u00e0 la maison, ces mugs garantissent une visibilit\u00e9 continue de votre marque. Offrez un produit pratique et \u00e9l\u00e9gant qui laisse une impression durable.<\/p>\n<\/div>\n<\/div>\n<\/div>\n<\/div>\n","protected":false},"featured_media":20336,"template":"","meta":{"site-sidebar-layout":"default","site-content-layout":"","ast-site-content-layout":"default","site-content-style":"default","site-sidebar-style":"default","ast-global-header-display":"","ast-banner-title-visibility":"","ast-main-header-display":"","ast-hfb-above-header-display":"","ast-hfb-below-header-display":"","ast-hfb-mobile-header-display":"","site-post-title":"","ast-breadcrumbs-content":"","ast-featured-img":"","footer-sml-layout":"","ast-disable-related-posts":"","theme-transparent-header-meta":"","adv-header-id-meta":"","stick-header-meta":"","header-above-stick-meta":"","header-main-stick-meta":"","header-below-stick-meta":"","astra-migrate-meta-layouts":"default","ast-page-background-enabled":"default","ast-page-background-meta":{"desktop":{"background-color":"var(--ast-global-color-5)","background-image":"","background-repeat":"repeat","background-position":"center center","background-size":"auto","background-attachment":"scroll","background-type":"","background-media":"","overlay-type":"","overlay-color":"","overlay-opacity":"","overlay-gradient":""},"tablet":{"background-color":"","background-image":"","background-repeat":"repeat","background-position":"center center","background-size":"auto","background-attachment":"scroll","background-type":"","background-media":"","overlay-type":"","overlay-color":"","overlay-opacity":"","overlay-gradient":""},"mobile":{"background-color":"","background-image":"","background-repeat":"repeat","background-position":"center center","background-size":"auto","background-attachment":"scroll","background-type":"","background-media":"","overlay-type":"","overlay-color":"","overlay-opacity":"","overlay-gradient":""}},"ast-content-background-meta":{"desktop":{"background-color":"var(--ast-global-color-4)","background-image":"","background-repeat":"repeat","background-position":"center center","background-size":"auto","background-attachment":"scroll","background-type":"","background-media":"","overlay-type":"","overlay-color":"","overlay-opacity":"","overlay-gradient":""},"tablet":{"background-color":"var(--ast-global-color-4)","background-image":"","background-repeat":"repeat","background-position":"center center","background-size":"auto","background-attachment":"scroll","background-type":"","background-media":"","overlay-type":"","overlay-color":"","overlay-opacity":"","overlay-gradient":""},"mobile":{"background-color":"var(--ast-global-color-4)","background-image":"","background-repeat":"repeat","background-position":"center center","background-size":"auto","background-attachment":"scroll","background-type":"","background-media":"","overlay-type":"","overlay-color":"","overlay-opacity":"","overlay-gradient":""}},"_links_to":"","_links_to_target":""},"product_brand":[],"product_cat":[110],"product_tag":[],"class_list":{"0":"post-8562","1":"product","2":"type-product","3":"status-publish","4":"has-post-thumbnail","6":"product_cat-gadgets","7":"desktop-align-left","8":"tablet-align-left","9":"mobile-align-left","11":"first","12":"instock","13":"sale","14":"taxable","15":"shipping-taxable","16":"purchasable","17":"product-type-simple"},"yoast_head":"<!-- This site is optimized with the Yoast SEO plugin v27.2 - https:\/\/yoast.com\/product\/yoast-seo-wordpress\/ -->\n<title>Mug - Print 24<\/title>\n<meta name=\"robots\" content=\"index, follow, max-snippet:-1, max-image-preview:large, max-video-preview:-1\" \/>\n<link rel=\"canonical\" href=\"https:\/\/print24.ma\/index.php\/product\/mug\/\" \/>\n<meta property=\"og:locale\" content=\"en_US\" \/>\n<meta property=\"og:type\" content=\"article\" \/>\n<meta property=\"og:title\" content=\"Mug - Print 24\" \/>\n<meta property=\"og:description\" content=\"Faites sensation avec nos mugs standards personnalisables. Id\u00e9als pour les cadeaux d&#039;entreprise, les promotions et les \u00e9v\u00e9nements, ces mugs offrent une toile parfaite pour afficher votre logo, message ou design.  Personnalisation :\u00a0Imprimez votre logo, texte ou image Mat\u00e9riau :\u00a0C\u00e9ramique de haute qualit\u00e9 pour une durabilit\u00e9 exceptionnelle Nos mugs standards personnalisables sont con\u00e7us pour offrir \u00e0 la fois esth\u00e9tique et fonctionnalit\u00e9. Que ce soit pour une utilisation quotidienne au bureau ou \u00e0 la maison, ces mugs garantissent une visibilit\u00e9 continue de votre marque. Offrez un produit pratique et \u00e9l\u00e9gant qui laisse une impression durable.\" \/>\n<meta property=\"og:url\" content=\"https:\/\/print24.ma\/index.php\/product\/mug\/\" \/>\n<meta property=\"og:site_name\" content=\"Print 24\" \/>\n<meta property=\"article:publisher\" content=\"https:\/\/www.facebook.com\/print24.ma\/\" \/>\n<meta property=\"article:modified_time\" content=\"2024-12-05T17:37:02+00:00\" \/>\n<meta property=\"og:image\" content=\"https:\/\/print24.ma\/wp-content\/uploads\/2022\/10\/MUG.png\" \/>\n\t<meta property=\"og:image:width\" content=\"800\" \/>\n\t<meta property=\"og:image:height\" content=\"800\" \/>\n\t<meta property=\"og:image:type\" content=\"image\/png\" \/>\n<meta name=\"twitter:card\" content=\"summary_large_image\" \/>\n<meta name=\"twitter:label1\" content=\"Est. reading time\" \/>\n\t<meta name=\"twitter:data1\" content=\"1 minute\" \/>\n<script type=\"application\/ld+json\" class=\"yoast-schema-graph\">{\"@context\":\"https:\/\/schema.org\",\"@graph\":[{\"@type\":\"WebPage\",\"@id\":\"https:\/\/print24.ma\/index.php\/product\/mug\/\",\"url\":\"https:\/\/print24.ma\/index.php\/product\/mug\/\",\"name\":\"Mug - Print 24\",\"isPartOf\":{\"@id\":\"https:\/\/print24.ma\/#website\"},\"primaryImageOfPage\":{\"@id\":\"https:\/\/print24.ma\/index.php\/product\/mug\/#primaryimage\"},\"image\":{\"@id\":\"https:\/\/print24.ma\/index.php\/product\/mug\/#primaryimage\"},\"thumbnailUrl\":\"https:\/\/print24.ma\/wp-content\/uploads\/2022\/10\/MUG.png\",\"datePublished\":\"2022-10-20T21:49:37+00:00\",\"dateModified\":\"2024-12-05T17:37:02+00:00\",\"breadcrumb\":{\"@id\":\"https:\/\/print24.ma\/index.php\/product\/mug\/#breadcrumb\"},\"inLanguage\":\"en-US\",\"potentialAction\":[{\"@type\":\"ReadAction\",\"target\":[\"https:\/\/print24.ma\/index.php\/product\/mug\/\"]}]},{\"@type\":\"ImageObject\",\"inLanguage\":\"en-US\",\"@id\":\"https:\/\/print24.ma\/index.php\/product\/mug\/#primaryimage\",\"url\":\"https:\/\/print24.ma\/wp-content\/uploads\/2022\/10\/MUG.png\",\"contentUrl\":\"https:\/\/print24.ma\/wp-content\/uploads\/2022\/10\/MUG.png\",\"width\":800,\"height\":800},{\"@type\":\"BreadcrumbList\",\"@id\":\"https:\/\/print24.ma\/index.php\/product\/mug\/#breadcrumb\",\"itemListElement\":[{\"@type\":\"ListItem\",\"position\":1,\"name\":\"Home\",\"item\":\"https:\/\/print24.ma\/\"},{\"@type\":\"ListItem\",\"position\":2,\"name\":\"Boutique\",\"item\":\"https:\/\/print24.ma\/?page_id=8\"},{\"@type\":\"ListItem\",\"position\":3,\"name\":\"Mug\"}]},{\"@type\":\"WebSite\",\"@id\":\"https:\/\/print24.ma\/#website\",\"url\":\"https:\/\/print24.ma\/\",\"name\":\"Print 24\",\"description\":\"Tous Travaux D&#039;impresstion Et Publicit\u00e9\",\"publisher\":{\"@id\":\"https:\/\/print24.ma\/#organization\"},\"potentialAction\":[{\"@type\":\"SearchAction\",\"target\":{\"@type\":\"EntryPoint\",\"urlTemplate\":\"https:\/\/print24.ma\/?s={search_term_string}\"},\"query-input\":{\"@type\":\"PropertyValueSpecification\",\"valueRequired\":true,\"valueName\":\"search_term_string\"}}],\"inLanguage\":\"en-US\"},{\"@type\":\"Organization\",\"@id\":\"https:\/\/print24.ma\/#organization\",\"name\":\"Print 24\",\"url\":\"https:\/\/print24.ma\/\",\"logo\":{\"@type\":\"ImageObject\",\"inLanguage\":\"en-US\",\"@id\":\"https:\/\/print24.ma\/#\/schema\/logo\/image\/\",\"url\":\"https:\/\/print24.ma\/wp-content\/uploads\/2022\/10\/LOGO-service-print24-1-01-1.png\",\"contentUrl\":\"https:\/\/print24.ma\/wp-content\/uploads\/2022\/10\/LOGO-service-print24-1-01-1.png\",\"width\":2128,\"height\":540,\"caption\":\"Print 24\"},\"image\":{\"@id\":\"https:\/\/print24.ma\/#\/schema\/logo\/image\/\"},\"sameAs\":[\"https:\/\/www.facebook.com\/print24.ma\/\",\"https:\/\/www.instagram.com\/print24.ma\/\"]}]}<\/script>\n<!-- \/ Yoast SEO plugin. -->","yoast_head_json":{"title":"Mug - Print 24","robots":{"index":"index","follow":"follow","max-snippet":"max-snippet:-1","max-image-preview":"max-image-preview:large","max-video-preview":"max-video-preview:-1"},"canonical":"https:\/\/print24.ma\/index.php\/product\/mug\/","og_locale":"en_US","og_type":"article","og_title":"Mug - Print 24","og_description":"Faites sensation avec nos mugs standards personnalisables. Id\u00e9als pour les cadeaux d'entreprise, les promotions et les \u00e9v\u00e9nements, ces mugs offrent une toile parfaite pour afficher votre logo, message ou design.  Personnalisation :\u00a0Imprimez votre logo, texte ou image Mat\u00e9riau :\u00a0C\u00e9ramique de haute qualit\u00e9 pour une durabilit\u00e9 exceptionnelle Nos mugs standards personnalisables sont con\u00e7us pour offrir \u00e0 la fois esth\u00e9tique et fonctionnalit\u00e9. Que ce soit pour une utilisation quotidienne au bureau ou \u00e0 la maison, ces mugs garantissent une visibilit\u00e9 continue de votre marque. Offrez un produit pratique et \u00e9l\u00e9gant qui laisse une impression durable.","og_url":"https:\/\/print24.ma\/index.php\/product\/mug\/","og_site_name":"Print 24","article_publisher":"https:\/\/www.facebook.com\/print24.ma\/","article_modified_time":"2024-12-05T17:37:02+00:00","og_image":[{"width":800,"height":800,"url":"https:\/\/print24.ma\/wp-content\/uploads\/2022\/10\/MUG.png","type":"image\/png"}],"twitter_card":"summary_large_image","twitter_misc":{"Est. reading time":"1 minute"},"schema":{"@context":"https:\/\/schema.org","@graph":[{"@type":"WebPage","@id":"https:\/\/print24.ma\/index.php\/product\/mug\/","url":"https:\/\/print24.ma\/index.php\/product\/mug\/","name":"Mug - Print 24","isPartOf":{"@id":"https:\/\/print24.ma\/#website"},"primaryImageOfPage":{"@id":"https:\/\/print24.ma\/index.php\/product\/mug\/#primaryimage"},"image":{"@id":"https:\/\/print24.ma\/index.php\/product\/mug\/#primaryimage"},"thumbnailUrl":"https:\/\/print24.ma\/wp-content\/uploads\/2022\/10\/MUG.png","datePublished":"2022-10-20T21:49:37+00:00","dateModified":"2024-12-05T17:37:02+00:00","breadcrumb":{"@id":"https:\/\/print24.ma\/index.php\/product\/mug\/#breadcrumb"},"inLanguage":"en-US","potentialAction":[{"@type":"ReadAction","target":["https:\/\/print24.ma\/index.php\/product\/mug\/"]}]},{"@type":"ImageObject","inLanguage":"en-US","@id":"https:\/\/print24.ma\/index.php\/product\/mug\/#primaryimage","url":"https:\/\/print24.ma\/wp-content\/uploads\/2022\/10\/MUG.png","contentUrl":"https:\/\/print24.ma\/wp-content\/uploads\/2022\/10\/MUG.png","width":800,"height":800},{"@type":"BreadcrumbList","@id":"https:\/\/print24.ma\/index.php\/product\/mug\/#breadcrumb","itemListElement":[{"@type":"ListItem","position":1,"name":"Home","item":"https:\/\/print24.ma\/"},{"@type":"ListItem","position":2,"name":"Boutique","item":"https:\/\/print24.ma\/?page_id=8"},{"@type":"ListItem","position":3,"name":"Mug"}]},{"@type":"WebSite","@id":"https:\/\/print24.ma\/#website","url":"https:\/\/print24.ma\/","name":"Print 24","description":"Tous Travaux D&#039;impresstion Et Publicit\u00e9","publisher":{"@id":"https:\/\/print24.ma\/#organization"},"potentialAction":[{"@type":"SearchAction","target":{"@type":"EntryPoint","urlTemplate":"https:\/\/print24.ma\/?s={search_term_string}"},"query-input":{"@type":"PropertyValueSpecification","valueRequired":true,"valueName":"search_term_string"}}],"inLanguage":"en-US"},{"@type":"Organization","@id":"https:\/\/print24.ma\/#organization","name":"Print 24","url":"https:\/\/print24.ma\/","logo":{"@type":"ImageObject","inLanguage":"en-US","@id":"https:\/\/print24.ma\/#\/schema\/logo\/image\/","url":"https:\/\/print24.ma\/wp-content\/uploads\/2022\/10\/LOGO-service-print24-1-01-1.png","contentUrl":"https:\/\/print24.ma\/wp-content\/uploads\/2022\/10\/LOGO-service-print24-1-01-1.png","width":2128,"height":540,"caption":"Print 24"},"image":{"@id":"https:\/\/print24.ma\/#\/schema\/logo\/image\/"},"sameAs":["https:\/\/www.facebook.com\/print24.ma\/","https:\/\/www.instagram.com\/print24.ma\/"]}]}},"_links":{"self":[{"href":"https:\/\/print24.ma\/index.php\/wp-json\/wp\/v2\/product\/8562","targetHints":{"allow":["GET"]}}],"collection":[{"href":"https:\/\/print24.ma\/index.php\/wp-json\/wp\/v2\/product"}],"about":[{"href":"https:\/\/print24.ma\/index.php\/wp-json\/wp\/v2\/types\/product"}],"version-history":[{"count":3,"href":"https:\/\/print24.ma\/index.php\/wp-json\/wp\/v2\/product\/8562\/revisions"}],"predecessor-version":[{"id":20335,"href":"https:\/\/print24.ma\/index.php\/wp-json\/wp\/v2\/product\/8562\/revisions\/20335"}],"wp:featuredmedia":[{"embeddable":true,"href":"https:\/\/print24.ma\/index.php\/wp-json\/wp\/v2\/media\/20336"}],"wp:attachment":[{"href":"https:\/\/print24.ma\/index.php\/wp-json\/wp\/v2\/media?parent=8562"}],"wp:term":[{"taxonomy":"product_brand","embeddable":true,"href":"https:\/\/print24.ma\/index.php\/wp-json\/wp\/v2\/product_brand?post=8562"},{"taxonomy":"product_cat","embeddable":true,"href":"https:\/\/print24.ma\/index.php\/wp-json\/wp\/v2\/product_cat?post=8562"},{"taxonomy":"product_tag","embeddable":true,"href":"https:\/\/print24.ma\/index.php\/wp-json\/wp\/v2\/product_tag?post=8562"}],"curies":[{"name":"wp","href":"https:\/\/api.w.org\/{rel}","templated":true}]}}