{"id":8614,"date":"2022-10-20T21:52:44","date_gmt":"2022-10-20T21:52:44","guid":{"rendered":"https:\/\/print24.ma\/?post_type=product&#038;p=8614"},"modified":"2024-11-20T14:59:45","modified_gmt":"2024-11-20T14:59:45","slug":"rollup","status":"publish","type":"product","link":"https:\/\/print24.ma\/index.php\/product\/rollup\/","title":{"rendered":"Rollup"},"content":{"rendered":"","protected":false},"excerpt":{"rendered":"<p id=\"isPasted\">Mettez en avant vos\u00a0<strong>promotions<\/strong>,\u00a0<strong>\u00e9v\u00e9nements<\/strong>\u00a0ou\u00a0<strong>produits<\/strong>\u00a0avec notre\u00a0<strong>Roll Up 80&#215;200<\/strong>. Gr\u00e2ce \u00e0 ses dimensions g\u00e9n\u00e9reuses et son design portable, il garantit une\u00a0<strong>visibilit\u00e9 optimale<\/strong>\u00a0tout en \u00e9tant facile \u00e0 transporter et \u00e0 monter. Id\u00e9al pour les salons, expositions, ou points de vente, ce support vous permet d\u2019afficher votre message de mani\u00e8re professionnelle.<\/p>\n<p>Caract\u00e9ristiques principales des Roll Up\u00a0:<br \/>\n<strong>-Dimension :\u00a0<\/strong>85 x 200 cm \/ 120 x 200 cm pour une visibilit\u00e9 optimale<br \/>\n<strong>-Support :<\/strong>\u00a0PVC Blanc \u2013 Rigilus pour une stabilit\u00e9 et durabilit\u00e9 irr\u00e9prochable<br \/>\n<strong>-Impression :\u00a0<\/strong>Quadri Recto<br \/>\n<strong>-Type d&#8217;impression :\u00a0<\/strong>Standard ou HP Latex<br \/>\n<strong>-Support d&#8217;affichage :\u00a0<\/strong>Vous recevrez le support d\u2019affichage 85 x 200 cm \/ 120 x 200 cm pour une installation sans soucis.<\/p>\n","protected":false},"featured_media":8541,"template":"","meta":{"site-sidebar-layout":"default","site-content-layout":"","ast-site-content-layout":"default","site-content-style":"default","site-sidebar-style":"default","ast-global-header-display":"","ast-banner-title-visibility":"","ast-main-header-display":"","ast-hfb-above-header-display":"","ast-hfb-below-header-display":"","ast-hfb-mobile-header-display":"","site-post-title":"","ast-breadcrumbs-content":"","ast-featured-img":"","footer-sml-layout":"","ast-disable-related-posts":"","theme-transparent-header-meta":"","adv-header-id-meta":"","stick-header-meta":"","header-above-stick-meta":"","header-main-stick-meta":"","header-below-stick-meta":"","astra-migrate-meta-layouts":"default","ast-page-background-enabled":"default","ast-page-background-meta":{"desktop":{"background-color":"var(--ast-global-color-5)","background-image":"","background-repeat":"repeat","background-position":"center center","background-size":"auto","background-attachment":"scroll","background-type":"","background-media":"","overlay-type":"","overlay-color":"","overlay-opacity":"","overlay-gradient":""},"tablet":{"background-color":"","background-image":"","background-repeat":"repeat","background-position":"center center","background-size":"auto","background-attachment":"scroll","background-type":"","background-media":"","overlay-type":"","overlay-color":"","overlay-opacity":"","overlay-gradient":""},"mobile":{"background-color":"","background-image":"","background-repeat":"repeat","background-position":"center center","background-size":"auto","background-attachment":"scroll","background-type":"","background-media":"","overlay-type":"","overlay-color":"","overlay-opacity":"","overlay-gradient":""}},"ast-content-background-meta":{"desktop":{"background-color":"var(--ast-global-color-4)","background-image":"","background-repeat":"repeat","background-position":"center center","background-size":"auto","background-attachment":"scroll","background-type":"","background-media":"","overlay-type":"","overlay-color":"","overlay-opacity":"","overlay-gradient":""},"tablet":{"background-color":"var(--ast-global-color-4)","background-image":"","background-repeat":"repeat","background-position":"center center","background-size":"auto","background-attachment":"scroll","background-type":"","background-media":"","overlay-type":"","overlay-color":"","overlay-opacity":"","overlay-gradient":""},"mobile":{"background-color":"var(--ast-global-color-4)","background-image":"","background-repeat":"repeat","background-position":"center center","background-size":"auto","background-attachment":"scroll","background-type":"","background-media":"","overlay-type":"","overlay-color":"","overlay-opacity":"","overlay-gradient":""}},"_links_to":"","_links_to_target":""},"product_brand":[],"product_cat":[108],"product_tag":[],"class_list":{"0":"post-8614","1":"product","2":"type-product","3":"status-publish","4":"has-post-thumbnail","6":"product_cat-roll-up-plv","7":"pa_la-forme-120-x-200-cm","8":"pa_la-forme-85-x-200-cm","9":"desktop-align-left","10":"tablet-align-left","11":"mobile-align-left","13":"first","14":"instock","15":"sale","16":"taxable","17":"shipping-taxable","18":"purchasable","19":"product-type-variable","20":"has-default-attributes"},"yoast_head":"<!-- This site is optimized with the Yoast SEO plugin v27.2 - https:\/\/yoast.com\/product\/yoast-seo-wordpress\/ -->\n<title>Rollup - Print 24<\/title>\n<meta name=\"robots\" content=\"index, follow, max-snippet:-1, max-image-preview:large, max-video-preview:-1\" \/>\n<link rel=\"canonical\" href=\"https:\/\/print24.ma\/index.php\/product\/rollup\/\" \/>\n<meta property=\"og:locale\" content=\"en_US\" \/>\n<meta property=\"og:type\" content=\"article\" \/>\n<meta property=\"og:title\" content=\"Rollup - Print 24\" \/>\n<meta property=\"og:description\" content=\"Mettez en avant vos\u00a0promotions,\u00a0\u00e9v\u00e9nements\u00a0ou\u00a0produits\u00a0avec notre\u00a0Roll Up 80x200. Gr\u00e2ce \u00e0 ses dimensions g\u00e9n\u00e9reuses et son design portable, il garantit une\u00a0visibilit\u00e9 optimale\u00a0tout en \u00e9tant facile \u00e0 transporter et \u00e0 monter. Id\u00e9al pour les salons, expositions, ou points de vente, ce support vous permet d\u2019afficher votre message de mani\u00e8re professionnelle. Caract\u00e9ristiques principales des Roll Up\u00a0: -Dimension :\u00a085 x 200 cm \/ 120 x 200 cm pour une visibilit\u00e9 optimale -Support :\u00a0PVC Blanc \u2013 Rigilus pour une stabilit\u00e9 et durabilit\u00e9 irr\u00e9prochable -Impression :\u00a0Quadri Recto -Type d&#039;impression :\u00a0Standard ou HP Latex -Support d&#039;affichage :\u00a0Vous recevrez le support d\u2019affichage 85 x 200 cm \/ 120 x 200 cm pour une installation sans soucis.\" \/>\n<meta property=\"og:url\" content=\"https:\/\/print24.ma\/index.php\/product\/rollup\/\" \/>\n<meta property=\"og:site_name\" content=\"Print 24\" \/>\n<meta property=\"article:publisher\" content=\"https:\/\/www.facebook.com\/print24.ma\/\" \/>\n<meta property=\"article:modified_time\" content=\"2024-11-20T14:59:45+00:00\" \/>\n<meta property=\"og:image\" content=\"https:\/\/print24.ma\/wp-content\/uploads\/2021\/08\/Product-03.jpg\" \/>\n\t<meta property=\"og:image:width\" content=\"1601\" \/>\n\t<meta property=\"og:image:height\" content=\"1601\" \/>\n\t<meta property=\"og:image:type\" content=\"image\/jpeg\" \/>\n<meta name=\"twitter:card\" content=\"summary_large_image\" \/>\n<meta name=\"twitter:label1\" content=\"Est. reading time\" \/>\n\t<meta name=\"twitter:data1\" content=\"1 minute\" \/>\n<script type=\"application\/ld+json\" class=\"yoast-schema-graph\">{\"@context\":\"https:\/\/schema.org\",\"@graph\":[{\"@type\":\"WebPage\",\"@id\":\"https:\/\/print24.ma\/index.php\/product\/rollup\/\",\"url\":\"https:\/\/print24.ma\/index.php\/product\/rollup\/\",\"name\":\"Rollup - Print 24\",\"isPartOf\":{\"@id\":\"https:\/\/print24.ma\/#website\"},\"primaryImageOfPage\":{\"@id\":\"https:\/\/print24.ma\/index.php\/product\/rollup\/#primaryimage\"},\"image\":{\"@id\":\"https:\/\/print24.ma\/index.php\/product\/rollup\/#primaryimage\"},\"thumbnailUrl\":\"https:\/\/print24.ma\/wp-content\/uploads\/2021\/08\/Product-03.jpg\",\"datePublished\":\"2022-10-20T21:52:44+00:00\",\"dateModified\":\"2024-11-20T14:59:45+00:00\",\"breadcrumb\":{\"@id\":\"https:\/\/print24.ma\/index.php\/product\/rollup\/#breadcrumb\"},\"inLanguage\":\"en-US\",\"potentialAction\":[{\"@type\":\"ReadAction\",\"target\":[\"https:\/\/print24.ma\/index.php\/product\/rollup\/\"]}]},{\"@type\":\"ImageObject\",\"inLanguage\":\"en-US\",\"@id\":\"https:\/\/print24.ma\/index.php\/product\/rollup\/#primaryimage\",\"url\":\"https:\/\/print24.ma\/wp-content\/uploads\/2021\/08\/Product-03.jpg\",\"contentUrl\":\"https:\/\/print24.ma\/wp-content\/uploads\/2021\/08\/Product-03.jpg\",\"width\":1601,\"height\":1601},{\"@type\":\"BreadcrumbList\",\"@id\":\"https:\/\/print24.ma\/index.php\/product\/rollup\/#breadcrumb\",\"itemListElement\":[{\"@type\":\"ListItem\",\"position\":1,\"name\":\"Home\",\"item\":\"https:\/\/print24.ma\/\"},{\"@type\":\"ListItem\",\"position\":2,\"name\":\"Boutique\",\"item\":\"https:\/\/print24.ma\/?page_id=8\"},{\"@type\":\"ListItem\",\"position\":3,\"name\":\"Rollup\"}]},{\"@type\":\"WebSite\",\"@id\":\"https:\/\/print24.ma\/#website\",\"url\":\"https:\/\/print24.ma\/\",\"name\":\"Print 24\",\"description\":\"Tous Travaux D&#039;impresstion Et Publicit\u00e9\",\"publisher\":{\"@id\":\"https:\/\/print24.ma\/#organization\"},\"potentialAction\":[{\"@type\":\"SearchAction\",\"target\":{\"@type\":\"EntryPoint\",\"urlTemplate\":\"https:\/\/print24.ma\/?s={search_term_string}\"},\"query-input\":{\"@type\":\"PropertyValueSpecification\",\"valueRequired\":true,\"valueName\":\"search_term_string\"}}],\"inLanguage\":\"en-US\"},{\"@type\":\"Organization\",\"@id\":\"https:\/\/print24.ma\/#organization\",\"name\":\"Print 24\",\"url\":\"https:\/\/print24.ma\/\",\"logo\":{\"@type\":\"ImageObject\",\"inLanguage\":\"en-US\",\"@id\":\"https:\/\/print24.ma\/#\/schema\/logo\/image\/\",\"url\":\"https:\/\/print24.ma\/wp-content\/uploads\/2022\/10\/LOGO-service-print24-1-01-1.png\",\"contentUrl\":\"https:\/\/print24.ma\/wp-content\/uploads\/2022\/10\/LOGO-service-print24-1-01-1.png\",\"width\":2128,\"height\":540,\"caption\":\"Print 24\"},\"image\":{\"@id\":\"https:\/\/print24.ma\/#\/schema\/logo\/image\/\"},\"sameAs\":[\"https:\/\/www.facebook.com\/print24.ma\/\",\"https:\/\/www.instagram.com\/print24.ma\/\"]}]}<\/script>\n<!-- \/ Yoast SEO plugin. -->","yoast_head_json":{"title":"Rollup - Print 24","robots":{"index":"index","follow":"follow","max-snippet":"max-snippet:-1","max-image-preview":"max-image-preview:large","max-video-preview":"max-video-preview:-1"},"canonical":"https:\/\/print24.ma\/index.php\/product\/rollup\/","og_locale":"en_US","og_type":"article","og_title":"Rollup - Print 24","og_description":"Mettez en avant vos\u00a0promotions,\u00a0\u00e9v\u00e9nements\u00a0ou\u00a0produits\u00a0avec notre\u00a0Roll Up 80x200. Gr\u00e2ce \u00e0 ses dimensions g\u00e9n\u00e9reuses et son design portable, il garantit une\u00a0visibilit\u00e9 optimale\u00a0tout en \u00e9tant facile \u00e0 transporter et \u00e0 monter. Id\u00e9al pour les salons, expositions, ou points de vente, ce support vous permet d\u2019afficher votre message de mani\u00e8re professionnelle. Caract\u00e9ristiques principales des Roll Up\u00a0: -Dimension :\u00a085 x 200 cm \/ 120 x 200 cm pour une visibilit\u00e9 optimale -Support :\u00a0PVC Blanc \u2013 Rigilus pour une stabilit\u00e9 et durabilit\u00e9 irr\u00e9prochable -Impression :\u00a0Quadri Recto -Type d'impression :\u00a0Standard ou HP Latex -Support d'affichage :\u00a0Vous recevrez le support d\u2019affichage 85 x 200 cm \/ 120 x 200 cm pour une installation sans soucis.","og_url":"https:\/\/print24.ma\/index.php\/product\/rollup\/","og_site_name":"Print 24","article_publisher":"https:\/\/www.facebook.com\/print24.ma\/","article_modified_time":"2024-11-20T14:59:45+00:00","og_image":[{"width":1601,"height":1601,"url":"https:\/\/print24.ma\/wp-content\/uploads\/2021\/08\/Product-03.jpg","type":"image\/jpeg"}],"twitter_card":"summary_large_image","twitter_misc":{"Est. reading time":"1 minute"},"schema":{"@context":"https:\/\/schema.org","@graph":[{"@type":"WebPage","@id":"https:\/\/print24.ma\/index.php\/product\/rollup\/","url":"https:\/\/print24.ma\/index.php\/product\/rollup\/","name":"Rollup - Print 24","isPartOf":{"@id":"https:\/\/print24.ma\/#website"},"primaryImageOfPage":{"@id":"https:\/\/print24.ma\/index.php\/product\/rollup\/#primaryimage"},"image":{"@id":"https:\/\/print24.ma\/index.php\/product\/rollup\/#primaryimage"},"thumbnailUrl":"https:\/\/print24.ma\/wp-content\/uploads\/2021\/08\/Product-03.jpg","datePublished":"2022-10-20T21:52:44+00:00","dateModified":"2024-11-20T14:59:45+00:00","breadcrumb":{"@id":"https:\/\/print24.ma\/index.php\/product\/rollup\/#breadcrumb"},"inLanguage":"en-US","potentialAction":[{"@type":"ReadAction","target":["https:\/\/print24.ma\/index.php\/product\/rollup\/"]}]},{"@type":"ImageObject","inLanguage":"en-US","@id":"https:\/\/print24.ma\/index.php\/product\/rollup\/#primaryimage","url":"https:\/\/print24.ma\/wp-content\/uploads\/2021\/08\/Product-03.jpg","contentUrl":"https:\/\/print24.ma\/wp-content\/uploads\/2021\/08\/Product-03.jpg","width":1601,"height":1601},{"@type":"BreadcrumbList","@id":"https:\/\/print24.ma\/index.php\/product\/rollup\/#breadcrumb","itemListElement":[{"@type":"ListItem","position":1,"name":"Home","item":"https:\/\/print24.ma\/"},{"@type":"ListItem","position":2,"name":"Boutique","item":"https:\/\/print24.ma\/?page_id=8"},{"@type":"ListItem","position":3,"name":"Rollup"}]},{"@type":"WebSite","@id":"https:\/\/print24.ma\/#website","url":"https:\/\/print24.ma\/","name":"Print 24","description":"Tous Travaux D&#039;impresstion Et Publicit\u00e9","publisher":{"@id":"https:\/\/print24.ma\/#organization"},"potentialAction":[{"@type":"SearchAction","target":{"@type":"EntryPoint","urlTemplate":"https:\/\/print24.ma\/?s={search_term_string}"},"query-input":{"@type":"PropertyValueSpecification","valueRequired":true,"valueName":"search_term_string"}}],"inLanguage":"en-US"},{"@type":"Organization","@id":"https:\/\/print24.ma\/#organization","name":"Print 24","url":"https:\/\/print24.ma\/","logo":{"@type":"ImageObject","inLanguage":"en-US","@id":"https:\/\/print24.ma\/#\/schema\/logo\/image\/","url":"https:\/\/print24.ma\/wp-content\/uploads\/2022\/10\/LOGO-service-print24-1-01-1.png","contentUrl":"https:\/\/print24.ma\/wp-content\/uploads\/2022\/10\/LOGO-service-print24-1-01-1.png","width":2128,"height":540,"caption":"Print 24"},"image":{"@id":"https:\/\/print24.ma\/#\/schema\/logo\/image\/"},"sameAs":["https:\/\/www.facebook.com\/print24.ma\/","https:\/\/www.instagram.com\/print24.ma\/"]}]}},"_links":{"self":[{"href":"https:\/\/print24.ma\/index.php\/wp-json\/wp\/v2\/product\/8614","targetHints":{"allow":["GET"]}}],"collection":[{"href":"https:\/\/print24.ma\/index.php\/wp-json\/wp\/v2\/product"}],"about":[{"href":"https:\/\/print24.ma\/index.php\/wp-json\/wp\/v2\/types\/product"}],"version-history":[{"count":2,"href":"https:\/\/print24.ma\/index.php\/wp-json\/wp\/v2\/product\/8614\/revisions"}],"predecessor-version":[{"id":19963,"href":"https:\/\/print24.ma\/index.php\/wp-json\/wp\/v2\/product\/8614\/revisions\/19963"}],"wp:featuredmedia":[{"embeddable":true,"href":"https:\/\/print24.ma\/index.php\/wp-json\/wp\/v2\/media\/8541"}],"wp:attachment":[{"href":"https:\/\/print24.ma\/index.php\/wp-json\/wp\/v2\/media?parent=8614"}],"wp:term":[{"taxonomy":"product_brand","embeddable":true,"href":"https:\/\/print24.ma\/index.php\/wp-json\/wp\/v2\/product_brand?post=8614"},{"taxonomy":"product_cat","embeddable":true,"href":"https:\/\/print24.ma\/index.php\/wp-json\/wp\/v2\/product_cat?post=8614"},{"taxonomy":"product_tag","embeddable":true,"href":"https:\/\/print24.ma\/index.php\/wp-json\/wp\/v2\/product_tag?post=8614"}],"curies":[{"name":"wp","href":"https:\/\/api.w.org\/{rel}","templated":true}]}}