{"id":8636,"date":"2022-10-20T22:13:55","date_gmt":"2022-10-20T22:13:55","guid":{"rendered":"https:\/\/print24.ma\/?post_type=product&#038;p=8636"},"modified":"2026-04-15T18:56:08","modified_gmt":"2026-04-15T18:56:08","slug":"cachet-entreprise","status":"publish","type":"product","link":"https:\/\/print24.ma\/index.php\/product\/cachet-entreprise\/","title":{"rendered":"Cachet Entreprise"},"content":{"rendered":"","protected":false},"excerpt":{"rendered":"<p>Vente et fabrication de cachet et tampon encreur personnalis\u00e9 pour les soci\u00e9t\u00e9s, les m\u00e9decin, professionnels et m\u00eame les particuliers.<\/p>\n<p>Print24 offre plusieurs marques et diff\u00e9rents forme et dimensions afin de r\u00e9pondre \u00e0 vos besoins pour des usages intensifs ou quotidens. Nous vous assurons un cachet commercial de qualit\u00e9.<\/p>\n","protected":false},"featured_media":20506,"template":"","meta":{"site-sidebar-layout":"default","site-content-layout":"","ast-site-content-layout":"default","site-content-style":"default","site-sidebar-style":"default","ast-global-header-display":"","ast-banner-title-visibility":"","ast-main-header-display":"","ast-hfb-above-header-display":"","ast-hfb-below-header-display":"","ast-hfb-mobile-header-display":"","site-post-title":"","ast-breadcrumbs-content":"","ast-featured-img":"","footer-sml-layout":"","ast-disable-related-posts":"","theme-transparent-header-meta":"default","adv-header-id-meta":"","stick-header-meta":"","header-above-stick-meta":"","header-main-stick-meta":"","header-below-stick-meta":"","astra-migrate-meta-layouts":"set","ast-page-background-enabled":"default","ast-page-background-meta":{"desktop":{"background-color":"var(--ast-global-color-5)","background-image":"","background-repeat":"repeat","background-position":"center center","background-size":"auto","background-attachment":"scroll","background-type":"","background-media":"","overlay-type":"","overlay-color":"","overlay-opacity":"","overlay-gradient":""},"tablet":{"background-color":"","background-image":"","background-repeat":"repeat","background-position":"center center","background-size":"auto","background-attachment":"scroll","background-type":"","background-media":"","overlay-type":"","overlay-color":"","overlay-opacity":"","overlay-gradient":""},"mobile":{"background-color":"","background-image":"","background-repeat":"repeat","background-position":"center center","background-size":"auto","background-attachment":"scroll","background-type":"","background-media":"","overlay-type":"","overlay-color":"","overlay-opacity":"","overlay-gradient":""}},"ast-content-background-meta":{"desktop":{"background-color":"var(--ast-global-color-4)","background-image":"","background-repeat":"repeat","background-position":"center center","background-size":"auto","background-attachment":"scroll","background-type":"","background-media":"","overlay-type":"","overlay-color":"","overlay-opacity":"","overlay-gradient":""},"tablet":{"background-color":"var(--ast-global-color-4)","background-image":"","background-repeat":"repeat","background-position":"center center","background-size":"auto","background-attachment":"scroll","background-type":"","background-media":"","overlay-type":"","overlay-color":"","overlay-opacity":"","overlay-gradient":""},"mobile":{"background-color":"var(--ast-global-color-4)","background-image":"","background-repeat":"repeat","background-position":"center center","background-size":"auto","background-attachment":"scroll","background-type":"","background-media":"","overlay-type":"","overlay-color":"","overlay-opacity":"","overlay-gradient":""}},"_links_to":"","_links_to_target":""},"product_brand":[],"product_cat":[111,20],"product_tag":[],"class_list":{"0":"post-8636","1":"product","2":"type-product","3":"status-publish","4":"has-post-thumbnail","6":"product_cat-cachet","7":"product_cat-papeterie","8":"desktop-align-left","9":"tablet-align-left","10":"mobile-align-left","12":"first","13":"instock","14":"sale","15":"taxable","16":"shipping-taxable","17":"purchasable","18":"product-type-simple"},"yoast_head":"<!-- This site is optimized with the Yoast SEO plugin v27.2 - https:\/\/yoast.com\/product\/yoast-seo-wordpress\/ -->\n<title>Cachet Entreprise - Print 24<\/title>\n<meta name=\"robots\" content=\"index, follow, max-snippet:-1, max-image-preview:large, max-video-preview:-1\" \/>\n<link rel=\"canonical\" href=\"https:\/\/print24.ma\/index.php\/product\/cachet-entreprise\/\" \/>\n<meta property=\"og:locale\" content=\"en_US\" \/>\n<meta property=\"og:type\" content=\"article\" \/>\n<meta property=\"og:title\" content=\"Cachet Entreprise - Print 24\" \/>\n<meta property=\"og:description\" content=\"Vente et fabrication de cachet et tampon encreur personnalis\u00e9 pour les soci\u00e9t\u00e9s, les m\u00e9decin, professionnels et m\u00eame les particuliers.  Print24 offre plusieurs marques et diff\u00e9rents forme et dimensions afin de r\u00e9pondre \u00e0 vos besoins pour des usages intensifs ou quotidens. Nous vous assurons un cachet commercial de qualit\u00e9.\" \/>\n<meta property=\"og:url\" content=\"https:\/\/print24.ma\/index.php\/product\/cachet-entreprise\/\" \/>\n<meta property=\"og:site_name\" content=\"Print 24\" \/>\n<meta property=\"article:publisher\" content=\"https:\/\/www.facebook.com\/print24.ma\/\" \/>\n<meta property=\"article:modified_time\" content=\"2026-04-15T18:56:08+00:00\" \/>\n<meta property=\"og:image\" content=\"https:\/\/print24.ma\/wp-content\/uploads\/2022\/10\/post-26.jpg\" \/>\n\t<meta property=\"og:image:width\" content=\"800\" \/>\n\t<meta property=\"og:image:height\" content=\"800\" \/>\n\t<meta property=\"og:image:type\" content=\"image\/jpeg\" \/>\n<meta name=\"twitter:card\" content=\"summary_large_image\" \/>\n<meta name=\"twitter:label1\" content=\"Est. reading time\" \/>\n\t<meta name=\"twitter:data1\" content=\"1 minute\" \/>\n<script type=\"application\/ld+json\" class=\"yoast-schema-graph\">{\"@context\":\"https:\/\/schema.org\",\"@graph\":[{\"@type\":\"WebPage\",\"@id\":\"https:\/\/print24.ma\/index.php\/product\/cachet-entreprise\/\",\"url\":\"https:\/\/print24.ma\/index.php\/product\/cachet-entreprise\/\",\"name\":\"Cachet Entreprise - Print 24\",\"isPartOf\":{\"@id\":\"https:\/\/print24.ma\/#website\"},\"primaryImageOfPage\":{\"@id\":\"https:\/\/print24.ma\/index.php\/product\/cachet-entreprise\/#primaryimage\"},\"image\":{\"@id\":\"https:\/\/print24.ma\/index.php\/product\/cachet-entreprise\/#primaryimage\"},\"thumbnailUrl\":\"https:\/\/print24.ma\/wp-content\/uploads\/2022\/10\/post-26.jpg\",\"datePublished\":\"2022-10-20T22:13:55+00:00\",\"dateModified\":\"2026-04-15T18:56:08+00:00\",\"breadcrumb\":{\"@id\":\"https:\/\/print24.ma\/index.php\/product\/cachet-entreprise\/#breadcrumb\"},\"inLanguage\":\"en-US\",\"potentialAction\":[{\"@type\":\"ReadAction\",\"target\":[\"https:\/\/print24.ma\/index.php\/product\/cachet-entreprise\/\"]}]},{\"@type\":\"ImageObject\",\"inLanguage\":\"en-US\",\"@id\":\"https:\/\/print24.ma\/index.php\/product\/cachet-entreprise\/#primaryimage\",\"url\":\"https:\/\/print24.ma\/wp-content\/uploads\/2022\/10\/post-26.jpg\",\"contentUrl\":\"https:\/\/print24.ma\/wp-content\/uploads\/2022\/10\/post-26.jpg\",\"width\":800,\"height\":800},{\"@type\":\"BreadcrumbList\",\"@id\":\"https:\/\/print24.ma\/index.php\/product\/cachet-entreprise\/#breadcrumb\",\"itemListElement\":[{\"@type\":\"ListItem\",\"position\":1,\"name\":\"Home\",\"item\":\"https:\/\/print24.ma\/\"},{\"@type\":\"ListItem\",\"position\":2,\"name\":\"Boutique\",\"item\":\"https:\/\/print24.ma\/?page_id=8\"},{\"@type\":\"ListItem\",\"position\":3,\"name\":\"Cachet Entreprise\"}]},{\"@type\":\"WebSite\",\"@id\":\"https:\/\/print24.ma\/#website\",\"url\":\"https:\/\/print24.ma\/\",\"name\":\"Print 24\",\"description\":\"Tous Travaux D&#039;impresstion Et Publicit\u00e9\",\"publisher\":{\"@id\":\"https:\/\/print24.ma\/#organization\"},\"potentialAction\":[{\"@type\":\"SearchAction\",\"target\":{\"@type\":\"EntryPoint\",\"urlTemplate\":\"https:\/\/print24.ma\/?s={search_term_string}\"},\"query-input\":{\"@type\":\"PropertyValueSpecification\",\"valueRequired\":true,\"valueName\":\"search_term_string\"}}],\"inLanguage\":\"en-US\"},{\"@type\":\"Organization\",\"@id\":\"https:\/\/print24.ma\/#organization\",\"name\":\"Print 24\",\"url\":\"https:\/\/print24.ma\/\",\"logo\":{\"@type\":\"ImageObject\",\"inLanguage\":\"en-US\",\"@id\":\"https:\/\/print24.ma\/#\/schema\/logo\/image\/\",\"url\":\"https:\/\/print24.ma\/wp-content\/uploads\/2022\/10\/LOGO-service-print24-1-01-1.png\",\"contentUrl\":\"https:\/\/print24.ma\/wp-content\/uploads\/2022\/10\/LOGO-service-print24-1-01-1.png\",\"width\":2128,\"height\":540,\"caption\":\"Print 24\"},\"image\":{\"@id\":\"https:\/\/print24.ma\/#\/schema\/logo\/image\/\"},\"sameAs\":[\"https:\/\/www.facebook.com\/print24.ma\/\",\"https:\/\/www.instagram.com\/print24.ma\/\"]}]}<\/script>\n<!-- \/ Yoast SEO plugin. -->","yoast_head_json":{"title":"Cachet Entreprise - Print 24","robots":{"index":"index","follow":"follow","max-snippet":"max-snippet:-1","max-image-preview":"max-image-preview:large","max-video-preview":"max-video-preview:-1"},"canonical":"https:\/\/print24.ma\/index.php\/product\/cachet-entreprise\/","og_locale":"en_US","og_type":"article","og_title":"Cachet Entreprise - Print 24","og_description":"Vente et fabrication de cachet et tampon encreur personnalis\u00e9 pour les soci\u00e9t\u00e9s, les m\u00e9decin, professionnels et m\u00eame les particuliers.  Print24 offre plusieurs marques et diff\u00e9rents forme et dimensions afin de r\u00e9pondre \u00e0 vos besoins pour des usages intensifs ou quotidens. Nous vous assurons un cachet commercial de qualit\u00e9.","og_url":"https:\/\/print24.ma\/index.php\/product\/cachet-entreprise\/","og_site_name":"Print 24","article_publisher":"https:\/\/www.facebook.com\/print24.ma\/","article_modified_time":"2026-04-15T18:56:08+00:00","og_image":[{"width":800,"height":800,"url":"https:\/\/print24.ma\/wp-content\/uploads\/2022\/10\/post-26.jpg","type":"image\/jpeg"}],"twitter_card":"summary_large_image","twitter_misc":{"Est. reading time":"1 minute"},"schema":{"@context":"https:\/\/schema.org","@graph":[{"@type":"WebPage","@id":"https:\/\/print24.ma\/index.php\/product\/cachet-entreprise\/","url":"https:\/\/print24.ma\/index.php\/product\/cachet-entreprise\/","name":"Cachet Entreprise - Print 24","isPartOf":{"@id":"https:\/\/print24.ma\/#website"},"primaryImageOfPage":{"@id":"https:\/\/print24.ma\/index.php\/product\/cachet-entreprise\/#primaryimage"},"image":{"@id":"https:\/\/print24.ma\/index.php\/product\/cachet-entreprise\/#primaryimage"},"thumbnailUrl":"https:\/\/print24.ma\/wp-content\/uploads\/2022\/10\/post-26.jpg","datePublished":"2022-10-20T22:13:55+00:00","dateModified":"2026-04-15T18:56:08+00:00","breadcrumb":{"@id":"https:\/\/print24.ma\/index.php\/product\/cachet-entreprise\/#breadcrumb"},"inLanguage":"en-US","potentialAction":[{"@type":"ReadAction","target":["https:\/\/print24.ma\/index.php\/product\/cachet-entreprise\/"]}]},{"@type":"ImageObject","inLanguage":"en-US","@id":"https:\/\/print24.ma\/index.php\/product\/cachet-entreprise\/#primaryimage","url":"https:\/\/print24.ma\/wp-content\/uploads\/2022\/10\/post-26.jpg","contentUrl":"https:\/\/print24.ma\/wp-content\/uploads\/2022\/10\/post-26.jpg","width":800,"height":800},{"@type":"BreadcrumbList","@id":"https:\/\/print24.ma\/index.php\/product\/cachet-entreprise\/#breadcrumb","itemListElement":[{"@type":"ListItem","position":1,"name":"Home","item":"https:\/\/print24.ma\/"},{"@type":"ListItem","position":2,"name":"Boutique","item":"https:\/\/print24.ma\/?page_id=8"},{"@type":"ListItem","position":3,"name":"Cachet Entreprise"}]},{"@type":"WebSite","@id":"https:\/\/print24.ma\/#website","url":"https:\/\/print24.ma\/","name":"Print 24","description":"Tous Travaux D&#039;impresstion Et Publicit\u00e9","publisher":{"@id":"https:\/\/print24.ma\/#organization"},"potentialAction":[{"@type":"SearchAction","target":{"@type":"EntryPoint","urlTemplate":"https:\/\/print24.ma\/?s={search_term_string}"},"query-input":{"@type":"PropertyValueSpecification","valueRequired":true,"valueName":"search_term_string"}}],"inLanguage":"en-US"},{"@type":"Organization","@id":"https:\/\/print24.ma\/#organization","name":"Print 24","url":"https:\/\/print24.ma\/","logo":{"@type":"ImageObject","inLanguage":"en-US","@id":"https:\/\/print24.ma\/#\/schema\/logo\/image\/","url":"https:\/\/print24.ma\/wp-content\/uploads\/2022\/10\/LOGO-service-print24-1-01-1.png","contentUrl":"https:\/\/print24.ma\/wp-content\/uploads\/2022\/10\/LOGO-service-print24-1-01-1.png","width":2128,"height":540,"caption":"Print 24"},"image":{"@id":"https:\/\/print24.ma\/#\/schema\/logo\/image\/"},"sameAs":["https:\/\/www.facebook.com\/print24.ma\/","https:\/\/www.instagram.com\/print24.ma\/"]}]}},"_links":{"self":[{"href":"https:\/\/print24.ma\/index.php\/wp-json\/wp\/v2\/product\/8636","targetHints":{"allow":["GET"]}}],"collection":[{"href":"https:\/\/print24.ma\/index.php\/wp-json\/wp\/v2\/product"}],"about":[{"href":"https:\/\/print24.ma\/index.php\/wp-json\/wp\/v2\/types\/product"}],"version-history":[{"count":3,"href":"https:\/\/print24.ma\/index.php\/wp-json\/wp\/v2\/product\/8636\/revisions"}],"predecessor-version":[{"id":20400,"href":"https:\/\/print24.ma\/index.php\/wp-json\/wp\/v2\/product\/8636\/revisions\/20400"}],"wp:featuredmedia":[{"embeddable":true,"href":"https:\/\/print24.ma\/index.php\/wp-json\/wp\/v2\/media\/20506"}],"wp:attachment":[{"href":"https:\/\/print24.ma\/index.php\/wp-json\/wp\/v2\/media?parent=8636"}],"wp:term":[{"taxonomy":"product_brand","embeddable":true,"href":"https:\/\/print24.ma\/index.php\/wp-json\/wp\/v2\/product_brand?post=8636"},{"taxonomy":"product_cat","embeddable":true,"href":"https:\/\/print24.ma\/index.php\/wp-json\/wp\/v2\/product_cat?post=8636"},{"taxonomy":"product_tag","embeddable":true,"href":"https:\/\/print24.ma\/index.php\/wp-json\/wp\/v2\/product_tag?post=8636"}],"curies":[{"name":"wp","href":"https:\/\/api.w.org\/{rel}","templated":true}]}}