{"id":9322,"date":"2022-11-22T10:43:04","date_gmt":"2022-11-22T10:43:04","guid":{"rendered":"https:\/\/print24.ma\/?post_type=product&#038;p=9322"},"modified":"2026-04-15T19:05:56","modified_gmt":"2026-04-15T19:05:56","slug":"brochure-dos-carre","status":"publish","type":"product","link":"https:\/\/print24.ma\/index.php\/product\/brochure-dos-carre\/","title":{"rendered":"Brochure dos carr\u00e9 coll\u00e9"},"content":{"rendered":"","protected":false},"excerpt":{"rendered":"<h4>Brochures \u00e0 dos carr\u00e9 coll\u00e9<\/h4>\n<p>Elles\u00a0<strong>sont reli\u00e9es avec de la colle PUR, une colle tr\u00e8s r\u00e9sistante.\u00a0<\/strong>Ce type de\u00a0reliure donne un aspect \u00e9l\u00e9gant aux catalogues avec un effet proche d\u2019un livre. Id\u00e9al pour les brochures \u00e0 forte pagination.<\/p>\n","protected":false},"featured_media":9323,"template":"","meta":{"site-sidebar-layout":"default","site-content-layout":"","ast-site-content-layout":"default","site-content-style":"default","site-sidebar-style":"default","ast-global-header-display":"","ast-banner-title-visibility":"","ast-main-header-display":"","ast-hfb-above-header-display":"","ast-hfb-below-header-display":"","ast-hfb-mobile-header-display":"","site-post-title":"","ast-breadcrumbs-content":"","ast-featured-img":"","footer-sml-layout":"","ast-disable-related-posts":"","theme-transparent-header-meta":"default","adv-header-id-meta":"","stick-header-meta":"","header-above-stick-meta":"","header-main-stick-meta":"","header-below-stick-meta":"","astra-migrate-meta-layouts":"set","ast-page-background-enabled":"default","ast-page-background-meta":{"desktop":{"background-color":"var(--ast-global-color-5)","background-image":"","background-repeat":"repeat","background-position":"center center","background-size":"auto","background-attachment":"scroll","background-type":"","background-media":"","overlay-type":"","overlay-color":"","overlay-opacity":"","overlay-gradient":""},"tablet":{"background-color":"","background-image":"","background-repeat":"repeat","background-position":"center center","background-size":"auto","background-attachment":"scroll","background-type":"","background-media":"","overlay-type":"","overlay-color":"","overlay-opacity":"","overlay-gradient":""},"mobile":{"background-color":"","background-image":"","background-repeat":"repeat","background-position":"center center","background-size":"auto","background-attachment":"scroll","background-type":"","background-media":"","overlay-type":"","overlay-color":"","overlay-opacity":"","overlay-gradient":""}},"ast-content-background-meta":{"desktop":{"background-color":"var(--ast-global-color-4)","background-image":"","background-repeat":"repeat","background-position":"center center","background-size":"auto","background-attachment":"scroll","background-type":"","background-media":"","overlay-type":"","overlay-color":"","overlay-opacity":"","overlay-gradient":""},"tablet":{"background-color":"var(--ast-global-color-4)","background-image":"","background-repeat":"repeat","background-position":"center center","background-size":"auto","background-attachment":"scroll","background-type":"","background-media":"","overlay-type":"","overlay-color":"","overlay-opacity":"","overlay-gradient":""},"mobile":{"background-color":"var(--ast-global-color-4)","background-image":"","background-repeat":"repeat","background-position":"center center","background-size":"auto","background-attachment":"scroll","background-type":"","background-media":"","overlay-type":"","overlay-color":"","overlay-opacity":"","overlay-gradient":""}},"_links_to":"","_links_to_target":""},"product_brand":[],"product_cat":[100,20],"product_tag":[],"class_list":{"0":"post-9322","1":"product","2":"type-product","3":"status-publish","4":"has-post-thumbnail","6":"product_cat-catalogue","7":"product_cat-papeterie","8":"desktop-align-left","9":"tablet-align-left","10":"mobile-align-left","12":"first","13":"instock","14":"sale","15":"taxable","16":"shipping-taxable","17":"purchasable","18":"product-type-simple"},"yoast_head":"<!-- This site is optimized with the Yoast SEO plugin v27.2 - https:\/\/yoast.com\/product\/yoast-seo-wordpress\/ -->\n<title>Brochure dos carr\u00e9 coll\u00e9 - Print 24<\/title>\n<meta name=\"robots\" content=\"index, follow, max-snippet:-1, max-image-preview:large, max-video-preview:-1\" \/>\n<link rel=\"canonical\" href=\"https:\/\/print24.ma\/index.php\/product\/brochure-dos-carre\/\" \/>\n<meta property=\"og:locale\" content=\"en_US\" \/>\n<meta property=\"og:type\" content=\"article\" \/>\n<meta property=\"og:title\" content=\"Brochure dos carr\u00e9 coll\u00e9 - Print 24\" \/>\n<meta property=\"og:description\" content=\"Brochures \u00e0 dos carr\u00e9 coll\u00e9 Elles\u00a0sont reli\u00e9es avec de la colle PUR, une colle tr\u00e8s r\u00e9sistante.\u00a0Ce type de\u00a0reliure donne un aspect \u00e9l\u00e9gant aux catalogues avec un effet proche d\u2019un livre. Id\u00e9al pour les brochures \u00e0 forte pagination.\" \/>\n<meta property=\"og:url\" content=\"https:\/\/print24.ma\/index.php\/product\/brochure-dos-carre\/\" \/>\n<meta property=\"og:site_name\" content=\"Print 24\" \/>\n<meta property=\"article:publisher\" content=\"https:\/\/www.facebook.com\/print24.ma\/\" \/>\n<meta property=\"article:modified_time\" content=\"2026-04-15T19:05:56+00:00\" \/>\n<meta property=\"og:image\" content=\"https:\/\/print24.ma\/wp-content\/uploads\/2022\/11\/WhatsApp-Image-2022-11-17-at-18.47.20.jpg\" \/>\n\t<meta property=\"og:image:width\" content=\"1280\" \/>\n\t<meta property=\"og:image:height\" content=\"1280\" \/>\n\t<meta property=\"og:image:type\" content=\"image\/jpeg\" \/>\n<meta name=\"twitter:card\" content=\"summary_large_image\" \/>\n<meta name=\"twitter:label1\" content=\"Est. reading time\" \/>\n\t<meta name=\"twitter:data1\" content=\"1 minute\" \/>\n<script type=\"application\/ld+json\" class=\"yoast-schema-graph\">{\"@context\":\"https:\/\/schema.org\",\"@graph\":[{\"@type\":\"WebPage\",\"@id\":\"https:\/\/print24.ma\/index.php\/product\/brochure-dos-carre\/\",\"url\":\"https:\/\/print24.ma\/index.php\/product\/brochure-dos-carre\/\",\"name\":\"Brochure dos carr\u00e9 coll\u00e9 - Print 24\",\"isPartOf\":{\"@id\":\"https:\/\/print24.ma\/#website\"},\"primaryImageOfPage\":{\"@id\":\"https:\/\/print24.ma\/index.php\/product\/brochure-dos-carre\/#primaryimage\"},\"image\":{\"@id\":\"https:\/\/print24.ma\/index.php\/product\/brochure-dos-carre\/#primaryimage\"},\"thumbnailUrl\":\"https:\/\/print24.ma\/wp-content\/uploads\/2022\/11\/WhatsApp-Image-2022-11-17-at-18.47.20.jpg\",\"datePublished\":\"2022-11-22T10:43:04+00:00\",\"dateModified\":\"2026-04-15T19:05:56+00:00\",\"breadcrumb\":{\"@id\":\"https:\/\/print24.ma\/index.php\/product\/brochure-dos-carre\/#breadcrumb\"},\"inLanguage\":\"en-US\",\"potentialAction\":[{\"@type\":\"ReadAction\",\"target\":[\"https:\/\/print24.ma\/index.php\/product\/brochure-dos-carre\/\"]}]},{\"@type\":\"ImageObject\",\"inLanguage\":\"en-US\",\"@id\":\"https:\/\/print24.ma\/index.php\/product\/brochure-dos-carre\/#primaryimage\",\"url\":\"https:\/\/print24.ma\/wp-content\/uploads\/2022\/11\/WhatsApp-Image-2022-11-17-at-18.47.20.jpg\",\"contentUrl\":\"https:\/\/print24.ma\/wp-content\/uploads\/2022\/11\/WhatsApp-Image-2022-11-17-at-18.47.20.jpg\",\"width\":1280,\"height\":1280},{\"@type\":\"BreadcrumbList\",\"@id\":\"https:\/\/print24.ma\/index.php\/product\/brochure-dos-carre\/#breadcrumb\",\"itemListElement\":[{\"@type\":\"ListItem\",\"position\":1,\"name\":\"Home\",\"item\":\"https:\/\/print24.ma\/\"},{\"@type\":\"ListItem\",\"position\":2,\"name\":\"Boutique\",\"item\":\"https:\/\/print24.ma\/?page_id=8\"},{\"@type\":\"ListItem\",\"position\":3,\"name\":\"Brochure dos carr\u00e9 coll\u00e9\"}]},{\"@type\":\"WebSite\",\"@id\":\"https:\/\/print24.ma\/#website\",\"url\":\"https:\/\/print24.ma\/\",\"name\":\"Print 24\",\"description\":\"Tous Travaux D&#039;impresstion Et Publicit\u00e9\",\"publisher\":{\"@id\":\"https:\/\/print24.ma\/#organization\"},\"potentialAction\":[{\"@type\":\"SearchAction\",\"target\":{\"@type\":\"EntryPoint\",\"urlTemplate\":\"https:\/\/print24.ma\/?s={search_term_string}\"},\"query-input\":{\"@type\":\"PropertyValueSpecification\",\"valueRequired\":true,\"valueName\":\"search_term_string\"}}],\"inLanguage\":\"en-US\"},{\"@type\":\"Organization\",\"@id\":\"https:\/\/print24.ma\/#organization\",\"name\":\"Print 24\",\"url\":\"https:\/\/print24.ma\/\",\"logo\":{\"@type\":\"ImageObject\",\"inLanguage\":\"en-US\",\"@id\":\"https:\/\/print24.ma\/#\/schema\/logo\/image\/\",\"url\":\"https:\/\/print24.ma\/wp-content\/uploads\/2022\/10\/LOGO-service-print24-1-01-1.png\",\"contentUrl\":\"https:\/\/print24.ma\/wp-content\/uploads\/2022\/10\/LOGO-service-print24-1-01-1.png\",\"width\":2128,\"height\":540,\"caption\":\"Print 24\"},\"image\":{\"@id\":\"https:\/\/print24.ma\/#\/schema\/logo\/image\/\"},\"sameAs\":[\"https:\/\/www.facebook.com\/print24.ma\/\",\"https:\/\/www.instagram.com\/print24.ma\/\"]}]}<\/script>\n<!-- \/ Yoast SEO plugin. -->","yoast_head_json":{"title":"Brochure dos carr\u00e9 coll\u00e9 - Print 24","robots":{"index":"index","follow":"follow","max-snippet":"max-snippet:-1","max-image-preview":"max-image-preview:large","max-video-preview":"max-video-preview:-1"},"canonical":"https:\/\/print24.ma\/index.php\/product\/brochure-dos-carre\/","og_locale":"en_US","og_type":"article","og_title":"Brochure dos carr\u00e9 coll\u00e9 - Print 24","og_description":"Brochures \u00e0 dos carr\u00e9 coll\u00e9 Elles\u00a0sont reli\u00e9es avec de la colle PUR, une colle tr\u00e8s r\u00e9sistante.\u00a0Ce type de\u00a0reliure donne un aspect \u00e9l\u00e9gant aux catalogues avec un effet proche d\u2019un livre. Id\u00e9al pour les brochures \u00e0 forte pagination.","og_url":"https:\/\/print24.ma\/index.php\/product\/brochure-dos-carre\/","og_site_name":"Print 24","article_publisher":"https:\/\/www.facebook.com\/print24.ma\/","article_modified_time":"2026-04-15T19:05:56+00:00","og_image":[{"width":1280,"height":1280,"url":"https:\/\/print24.ma\/wp-content\/uploads\/2022\/11\/WhatsApp-Image-2022-11-17-at-18.47.20.jpg","type":"image\/jpeg"}],"twitter_card":"summary_large_image","twitter_misc":{"Est. reading time":"1 minute"},"schema":{"@context":"https:\/\/schema.org","@graph":[{"@type":"WebPage","@id":"https:\/\/print24.ma\/index.php\/product\/brochure-dos-carre\/","url":"https:\/\/print24.ma\/index.php\/product\/brochure-dos-carre\/","name":"Brochure dos carr\u00e9 coll\u00e9 - Print 24","isPartOf":{"@id":"https:\/\/print24.ma\/#website"},"primaryImageOfPage":{"@id":"https:\/\/print24.ma\/index.php\/product\/brochure-dos-carre\/#primaryimage"},"image":{"@id":"https:\/\/print24.ma\/index.php\/product\/brochure-dos-carre\/#primaryimage"},"thumbnailUrl":"https:\/\/print24.ma\/wp-content\/uploads\/2022\/11\/WhatsApp-Image-2022-11-17-at-18.47.20.jpg","datePublished":"2022-11-22T10:43:04+00:00","dateModified":"2026-04-15T19:05:56+00:00","breadcrumb":{"@id":"https:\/\/print24.ma\/index.php\/product\/brochure-dos-carre\/#breadcrumb"},"inLanguage":"en-US","potentialAction":[{"@type":"ReadAction","target":["https:\/\/print24.ma\/index.php\/product\/brochure-dos-carre\/"]}]},{"@type":"ImageObject","inLanguage":"en-US","@id":"https:\/\/print24.ma\/index.php\/product\/brochure-dos-carre\/#primaryimage","url":"https:\/\/print24.ma\/wp-content\/uploads\/2022\/11\/WhatsApp-Image-2022-11-17-at-18.47.20.jpg","contentUrl":"https:\/\/print24.ma\/wp-content\/uploads\/2022\/11\/WhatsApp-Image-2022-11-17-at-18.47.20.jpg","width":1280,"height":1280},{"@type":"BreadcrumbList","@id":"https:\/\/print24.ma\/index.php\/product\/brochure-dos-carre\/#breadcrumb","itemListElement":[{"@type":"ListItem","position":1,"name":"Home","item":"https:\/\/print24.ma\/"},{"@type":"ListItem","position":2,"name":"Boutique","item":"https:\/\/print24.ma\/?page_id=8"},{"@type":"ListItem","position":3,"name":"Brochure dos carr\u00e9 coll\u00e9"}]},{"@type":"WebSite","@id":"https:\/\/print24.ma\/#website","url":"https:\/\/print24.ma\/","name":"Print 24","description":"Tous Travaux D&#039;impresstion Et Publicit\u00e9","publisher":{"@id":"https:\/\/print24.ma\/#organization"},"potentialAction":[{"@type":"SearchAction","target":{"@type":"EntryPoint","urlTemplate":"https:\/\/print24.ma\/?s={search_term_string}"},"query-input":{"@type":"PropertyValueSpecification","valueRequired":true,"valueName":"search_term_string"}}],"inLanguage":"en-US"},{"@type":"Organization","@id":"https:\/\/print24.ma\/#organization","name":"Print 24","url":"https:\/\/print24.ma\/","logo":{"@type":"ImageObject","inLanguage":"en-US","@id":"https:\/\/print24.ma\/#\/schema\/logo\/image\/","url":"https:\/\/print24.ma\/wp-content\/uploads\/2022\/10\/LOGO-service-print24-1-01-1.png","contentUrl":"https:\/\/print24.ma\/wp-content\/uploads\/2022\/10\/LOGO-service-print24-1-01-1.png","width":2128,"height":540,"caption":"Print 24"},"image":{"@id":"https:\/\/print24.ma\/#\/schema\/logo\/image\/"},"sameAs":["https:\/\/www.facebook.com\/print24.ma\/","https:\/\/www.instagram.com\/print24.ma\/"]}]}},"_links":{"self":[{"href":"https:\/\/print24.ma\/index.php\/wp-json\/wp\/v2\/product\/9322","targetHints":{"allow":["GET"]}}],"collection":[{"href":"https:\/\/print24.ma\/index.php\/wp-json\/wp\/v2\/product"}],"about":[{"href":"https:\/\/print24.ma\/index.php\/wp-json\/wp\/v2\/types\/product"}],"version-history":[{"count":4,"href":"https:\/\/print24.ma\/index.php\/wp-json\/wp\/v2\/product\/9322\/revisions"}],"predecessor-version":[{"id":9995,"href":"https:\/\/print24.ma\/index.php\/wp-json\/wp\/v2\/product\/9322\/revisions\/9995"}],"wp:featuredmedia":[{"embeddable":true,"href":"https:\/\/print24.ma\/index.php\/wp-json\/wp\/v2\/media\/9323"}],"wp:attachment":[{"href":"https:\/\/print24.ma\/index.php\/wp-json\/wp\/v2\/media?parent=9322"}],"wp:term":[{"taxonomy":"product_brand","embeddable":true,"href":"https:\/\/print24.ma\/index.php\/wp-json\/wp\/v2\/product_brand?post=9322"},{"taxonomy":"product_cat","embeddable":true,"href":"https:\/\/print24.ma\/index.php\/wp-json\/wp\/v2\/product_cat?post=9322"},{"taxonomy":"product_tag","embeddable":true,"href":"https:\/\/print24.ma\/index.php\/wp-json\/wp\/v2\/product_tag?post=9322"}],"curies":[{"name":"wp","href":"https:\/\/api.w.org\/{rel}","templated":true}]}}