{"id":9360,"date":"2022-11-27T18:22:59","date_gmt":"2022-11-27T18:22:59","guid":{"rendered":"https:\/\/print24.ma\/?post_type=product&#038;p=9360"},"modified":"2022-11-28T11:49:20","modified_gmt":"2022-11-28T11:49:20","slug":"depliants-2-plis-roules","status":"publish","type":"product","link":"https:\/\/print24.ma\/index.php\/product\/depliants-2-plis-roules\/","title":{"rendered":"D\u00e9pliants 2 Plis Roul\u00e9s"},"content":{"rendered":"","protected":false},"excerpt":{"rendered":"<p>Nombre de volets, types de plis, de papiers, de finitions\u2026 les possibilit\u00e9s semblent infinies. Il ne vous reste qu\u2019\u00e0 choisir ce qui repr\u00e9sentera le mieux votre entreprise et le message que vous voulez communiquer \u00e0 travers votre d\u00e9pliant.<\/p>\n","protected":false},"featured_media":8543,"template":"","meta":{"site-sidebar-layout":"default","site-content-layout":"","ast-site-content-layout":"default","site-content-style":"default","site-sidebar-style":"default","ast-global-header-display":"","ast-banner-title-visibility":"","ast-main-header-display":"","ast-hfb-above-header-display":"","ast-hfb-below-header-display":"","ast-hfb-mobile-header-display":"","site-post-title":"","ast-breadcrumbs-content":"","ast-featured-img":"","footer-sml-layout":"","ast-disable-related-posts":"","theme-transparent-header-meta":"","adv-header-id-meta":"","stick-header-meta":"","header-above-stick-meta":"","header-main-stick-meta":"","header-below-stick-meta":"","astra-migrate-meta-layouts":"default","ast-page-background-enabled":"default","ast-page-background-meta":{"desktop":{"background-color":"var(--ast-global-color-5)","background-image":"","background-repeat":"repeat","background-position":"center center","background-size":"auto","background-attachment":"scroll","background-type":"","background-media":"","overlay-type":"","overlay-color":"","overlay-opacity":"","overlay-gradient":""},"tablet":{"background-color":"","background-image":"","background-repeat":"repeat","background-position":"center center","background-size":"auto","background-attachment":"scroll","background-type":"","background-media":"","overlay-type":"","overlay-color":"","overlay-opacity":"","overlay-gradient":""},"mobile":{"background-color":"","background-image":"","background-repeat":"repeat","background-position":"center center","background-size":"auto","background-attachment":"scroll","background-type":"","background-media":"","overlay-type":"","overlay-color":"","overlay-opacity":"","overlay-gradient":""}},"ast-content-background-meta":{"desktop":{"background-color":"var(--ast-global-color-4)","background-image":"","background-repeat":"repeat","background-position":"center center","background-size":"auto","background-attachment":"scroll","background-type":"","background-media":"","overlay-type":"","overlay-color":"","overlay-opacity":"","overlay-gradient":""},"tablet":{"background-color":"var(--ast-global-color-4)","background-image":"","background-repeat":"repeat","background-position":"center center","background-size":"auto","background-attachment":"scroll","background-type":"","background-media":"","overlay-type":"","overlay-color":"","overlay-opacity":"","overlay-gradient":""},"mobile":{"background-color":"var(--ast-global-color-4)","background-image":"","background-repeat":"repeat","background-position":"center center","background-size":"auto","background-attachment":"scroll","background-type":"","background-media":"","overlay-type":"","overlay-color":"","overlay-opacity":"","overlay-gradient":""}},"_links_to":"","_links_to_target":""},"product_brand":[],"product_cat":[93,20],"product_tag":[],"class_list":{"0":"post-9360","1":"product","2":"type-product","3":"status-publish","4":"has-post-thumbnail","6":"product_cat-depliants","7":"product_cat-papeterie","8":"desktop-align-left","9":"tablet-align-left","10":"mobile-align-left","12":"first","13":"instock","14":"taxable","15":"shipping-taxable","16":"product-type-simple"},"yoast_head":"<!-- This site is optimized with the Yoast SEO plugin v27.2 - https:\/\/yoast.com\/product\/yoast-seo-wordpress\/ -->\n<title>D\u00e9pliants 2 Plis Roul\u00e9s - Print 24<\/title>\n<meta name=\"robots\" content=\"index, follow, max-snippet:-1, max-image-preview:large, max-video-preview:-1\" \/>\n<link rel=\"canonical\" href=\"https:\/\/print24.ma\/?product=depliants-2-plis-roules\" \/>\n<meta property=\"og:locale\" content=\"en_US\" \/>\n<meta property=\"og:type\" content=\"article\" \/>\n<meta property=\"og:title\" content=\"D\u00e9pliants 2 Plis Roul\u00e9s - Print 24\" \/>\n<meta property=\"og:description\" content=\"Nombre de volets, types de plis, de papiers, de finitions\u2026 les possibilit\u00e9s semblent infinies. Il ne vous reste qu\u2019\u00e0 choisir ce qui repr\u00e9sentera le mieux votre entreprise et le message que vous voulez communiquer \u00e0 travers votre d\u00e9pliant.\" \/>\n<meta property=\"og:url\" content=\"https:\/\/print24.ma\/?product=depliants-2-plis-roules\" \/>\n<meta property=\"og:site_name\" content=\"Print 24\" \/>\n<meta property=\"article:publisher\" content=\"https:\/\/www.facebook.com\/print24.ma\/\" \/>\n<meta property=\"article:modified_time\" content=\"2022-11-28T11:49:20+00:00\" \/>\n<meta property=\"og:image\" content=\"https:\/\/print24.ma\/wp-content\/uploads\/2021\/08\/Product-05.jpg\" \/>\n\t<meta property=\"og:image:width\" content=\"1601\" \/>\n\t<meta property=\"og:image:height\" content=\"1601\" \/>\n\t<meta property=\"og:image:type\" content=\"image\/jpeg\" \/>\n<meta name=\"twitter:card\" content=\"summary_large_image\" \/>\n<script type=\"application\/ld+json\" class=\"yoast-schema-graph\">{\"@context\":\"https:\/\/schema.org\",\"@graph\":[{\"@type\":\"WebPage\",\"@id\":\"https:\/\/print24.ma\/?product=depliants-2-plis-roules\",\"url\":\"https:\/\/print24.ma\/?product=depliants-2-plis-roules\",\"name\":\"D\u00e9pliants 2 Plis Roul\u00e9s - Print 24\",\"isPartOf\":{\"@id\":\"https:\/\/print24.ma\/#website\"},\"primaryImageOfPage\":{\"@id\":\"https:\/\/print24.ma\/?product=depliants-2-plis-roules#primaryimage\"},\"image\":{\"@id\":\"https:\/\/print24.ma\/?product=depliants-2-plis-roules#primaryimage\"},\"thumbnailUrl\":\"https:\/\/print24.ma\/wp-content\/uploads\/2021\/08\/Product-05.jpg\",\"datePublished\":\"2022-11-27T18:22:59+00:00\",\"dateModified\":\"2022-11-28T11:49:20+00:00\",\"breadcrumb\":{\"@id\":\"https:\/\/print24.ma\/?product=depliants-2-plis-roules#breadcrumb\"},\"inLanguage\":\"en-US\",\"potentialAction\":[{\"@type\":\"ReadAction\",\"target\":[\"https:\/\/print24.ma\/?product=depliants-2-plis-roules\"]}]},{\"@type\":\"ImageObject\",\"inLanguage\":\"en-US\",\"@id\":\"https:\/\/print24.ma\/?product=depliants-2-plis-roules#primaryimage\",\"url\":\"https:\/\/print24.ma\/wp-content\/uploads\/2021\/08\/Product-05.jpg\",\"contentUrl\":\"https:\/\/print24.ma\/wp-content\/uploads\/2021\/08\/Product-05.jpg\",\"width\":1601,\"height\":1601},{\"@type\":\"BreadcrumbList\",\"@id\":\"https:\/\/print24.ma\/?product=depliants-2-plis-roules#breadcrumb\",\"itemListElement\":[{\"@type\":\"ListItem\",\"position\":1,\"name\":\"Home\",\"item\":\"https:\/\/print24.ma\/\"},{\"@type\":\"ListItem\",\"position\":2,\"name\":\"Boutique\",\"item\":\"https:\/\/print24.ma\/?page_id=8\"},{\"@type\":\"ListItem\",\"position\":3,\"name\":\"D\u00e9pliants 2 Plis Roul\u00e9s\"}]},{\"@type\":\"WebSite\",\"@id\":\"https:\/\/print24.ma\/#website\",\"url\":\"https:\/\/print24.ma\/\",\"name\":\"Print 24\",\"description\":\"Tous Travaux D&#039;impresstion Et Publicit\u00e9\",\"publisher\":{\"@id\":\"https:\/\/print24.ma\/#organization\"},\"potentialAction\":[{\"@type\":\"SearchAction\",\"target\":{\"@type\":\"EntryPoint\",\"urlTemplate\":\"https:\/\/print24.ma\/?s={search_term_string}\"},\"query-input\":{\"@type\":\"PropertyValueSpecification\",\"valueRequired\":true,\"valueName\":\"search_term_string\"}}],\"inLanguage\":\"en-US\"},{\"@type\":\"Organization\",\"@id\":\"https:\/\/print24.ma\/#organization\",\"name\":\"Print 24\",\"url\":\"https:\/\/print24.ma\/\",\"logo\":{\"@type\":\"ImageObject\",\"inLanguage\":\"en-US\",\"@id\":\"https:\/\/print24.ma\/#\/schema\/logo\/image\/\",\"url\":\"https:\/\/print24.ma\/wp-content\/uploads\/2022\/10\/LOGO-service-print24-1-01-1.png\",\"contentUrl\":\"https:\/\/print24.ma\/wp-content\/uploads\/2022\/10\/LOGO-service-print24-1-01-1.png\",\"width\":2128,\"height\":540,\"caption\":\"Print 24\"},\"image\":{\"@id\":\"https:\/\/print24.ma\/#\/schema\/logo\/image\/\"},\"sameAs\":[\"https:\/\/www.facebook.com\/print24.ma\/\",\"https:\/\/www.instagram.com\/print24.ma\/\"]}]}<\/script>\n<!-- \/ Yoast SEO plugin. -->","yoast_head_json":{"title":"D\u00e9pliants 2 Plis Roul\u00e9s - Print 24","robots":{"index":"index","follow":"follow","max-snippet":"max-snippet:-1","max-image-preview":"max-image-preview:large","max-video-preview":"max-video-preview:-1"},"canonical":"https:\/\/print24.ma\/?product=depliants-2-plis-roules","og_locale":"en_US","og_type":"article","og_title":"D\u00e9pliants 2 Plis Roul\u00e9s - Print 24","og_description":"Nombre de volets, types de plis, de papiers, de finitions\u2026 les possibilit\u00e9s semblent infinies. Il ne vous reste qu\u2019\u00e0 choisir ce qui repr\u00e9sentera le mieux votre entreprise et le message que vous voulez communiquer \u00e0 travers votre d\u00e9pliant.","og_url":"https:\/\/print24.ma\/?product=depliants-2-plis-roules","og_site_name":"Print 24","article_publisher":"https:\/\/www.facebook.com\/print24.ma\/","article_modified_time":"2022-11-28T11:49:20+00:00","og_image":[{"width":1601,"height":1601,"url":"https:\/\/print24.ma\/wp-content\/uploads\/2021\/08\/Product-05.jpg","type":"image\/jpeg"}],"twitter_card":"summary_large_image","schema":{"@context":"https:\/\/schema.org","@graph":[{"@type":"WebPage","@id":"https:\/\/print24.ma\/?product=depliants-2-plis-roules","url":"https:\/\/print24.ma\/?product=depliants-2-plis-roules","name":"D\u00e9pliants 2 Plis Roul\u00e9s - Print 24","isPartOf":{"@id":"https:\/\/print24.ma\/#website"},"primaryImageOfPage":{"@id":"https:\/\/print24.ma\/?product=depliants-2-plis-roules#primaryimage"},"image":{"@id":"https:\/\/print24.ma\/?product=depliants-2-plis-roules#primaryimage"},"thumbnailUrl":"https:\/\/print24.ma\/wp-content\/uploads\/2021\/08\/Product-05.jpg","datePublished":"2022-11-27T18:22:59+00:00","dateModified":"2022-11-28T11:49:20+00:00","breadcrumb":{"@id":"https:\/\/print24.ma\/?product=depliants-2-plis-roules#breadcrumb"},"inLanguage":"en-US","potentialAction":[{"@type":"ReadAction","target":["https:\/\/print24.ma\/?product=depliants-2-plis-roules"]}]},{"@type":"ImageObject","inLanguage":"en-US","@id":"https:\/\/print24.ma\/?product=depliants-2-plis-roules#primaryimage","url":"https:\/\/print24.ma\/wp-content\/uploads\/2021\/08\/Product-05.jpg","contentUrl":"https:\/\/print24.ma\/wp-content\/uploads\/2021\/08\/Product-05.jpg","width":1601,"height":1601},{"@type":"BreadcrumbList","@id":"https:\/\/print24.ma\/?product=depliants-2-plis-roules#breadcrumb","itemListElement":[{"@type":"ListItem","position":1,"name":"Home","item":"https:\/\/print24.ma\/"},{"@type":"ListItem","position":2,"name":"Boutique","item":"https:\/\/print24.ma\/?page_id=8"},{"@type":"ListItem","position":3,"name":"D\u00e9pliants 2 Plis Roul\u00e9s"}]},{"@type":"WebSite","@id":"https:\/\/print24.ma\/#website","url":"https:\/\/print24.ma\/","name":"Print 24","description":"Tous Travaux D&#039;impresstion Et Publicit\u00e9","publisher":{"@id":"https:\/\/print24.ma\/#organization"},"potentialAction":[{"@type":"SearchAction","target":{"@type":"EntryPoint","urlTemplate":"https:\/\/print24.ma\/?s={search_term_string}"},"query-input":{"@type":"PropertyValueSpecification","valueRequired":true,"valueName":"search_term_string"}}],"inLanguage":"en-US"},{"@type":"Organization","@id":"https:\/\/print24.ma\/#organization","name":"Print 24","url":"https:\/\/print24.ma\/","logo":{"@type":"ImageObject","inLanguage":"en-US","@id":"https:\/\/print24.ma\/#\/schema\/logo\/image\/","url":"https:\/\/print24.ma\/wp-content\/uploads\/2022\/10\/LOGO-service-print24-1-01-1.png","contentUrl":"https:\/\/print24.ma\/wp-content\/uploads\/2022\/10\/LOGO-service-print24-1-01-1.png","width":2128,"height":540,"caption":"Print 24"},"image":{"@id":"https:\/\/print24.ma\/#\/schema\/logo\/image\/"},"sameAs":["https:\/\/www.facebook.com\/print24.ma\/","https:\/\/www.instagram.com\/print24.ma\/"]}]}},"_links":{"self":[{"href":"https:\/\/print24.ma\/index.php\/wp-json\/wp\/v2\/product\/9360","targetHints":{"allow":["GET"]}}],"collection":[{"href":"https:\/\/print24.ma\/index.php\/wp-json\/wp\/v2\/product"}],"about":[{"href":"https:\/\/print24.ma\/index.php\/wp-json\/wp\/v2\/types\/product"}],"version-history":[{"count":2,"href":"https:\/\/print24.ma\/index.php\/wp-json\/wp\/v2\/product\/9360\/revisions"}],"predecessor-version":[{"id":9362,"href":"https:\/\/print24.ma\/index.php\/wp-json\/wp\/v2\/product\/9360\/revisions\/9362"}],"wp:featuredmedia":[{"embeddable":true,"href":"https:\/\/print24.ma\/index.php\/wp-json\/wp\/v2\/media\/8543"}],"wp:attachment":[{"href":"https:\/\/print24.ma\/index.php\/wp-json\/wp\/v2\/media?parent=9360"}],"wp:term":[{"taxonomy":"product_brand","embeddable":true,"href":"https:\/\/print24.ma\/index.php\/wp-json\/wp\/v2\/product_brand?post=9360"},{"taxonomy":"product_cat","embeddable":true,"href":"https:\/\/print24.ma\/index.php\/wp-json\/wp\/v2\/product_cat?post=9360"},{"taxonomy":"product_tag","embeddable":true,"href":"https:\/\/print24.ma\/index.php\/wp-json\/wp\/v2\/product_tag?post=9360"}],"curies":[{"name":"wp","href":"https:\/\/api.w.org\/{rel}","templated":true}]}}